{"id":1943,"date":"2018-12-19T10:20:53","date_gmt":"2018-12-19T12:20:53","guid":{"rendered":"http:\/\/68.183.25.112\/?page_id=1943"},"modified":"2021-09-08T18:17:47","modified_gmt":"2021-09-08T18:17:47","slug":"sobre","status":"publish","type":"page","link":"https:\/\/ipremaspasia.sp.gov.br\/index.php\/sobre\/","title":{"rendered":"Sobre"},"content":{"rendered":"<p>[vc_row][vc_column width=&#8221;1\/2&#8243;][vc_column_text]<span style=\"color: #000000;\">Criado em 2001, o IPREM &#8211; Instituto de Previd\u00eancia Municipal de Asp\u00e1sia \u2013 \u00e9 uma Autarquia Municipal, com autonomia administrativa, financeira e patrimonial.<\/span><\/p>\n<p><span style=\"color: #000000;\">Todos os servidores p\u00fablicos municipais titulares de cargos efetivos, ativos e inativos, dos poderes Executivo, Legislativo e das Autarquias e Funda\u00e7\u00f5es P\u00fablicas do Munic\u00edpio, s\u00e3o obrigatoriamente segurados do Instituto.<\/span><\/p>\n<p><span style=\"color: #000000;\">O <span style=\"color: #333333;\"><b>IPREM &#8211; Instituto de Previd\u00eancia Municipal de Asp\u00e1sia<\/b><\/span><b>\u00a0<\/b>e centraliza os benef\u00edcios previdenci\u00e1rios.<\/span><\/p>\n<p><span style=\"color: #000000;\">O Instituto tamb\u00e9m \u00e9 respons\u00e1vel pela Gest\u00e3o da Assist\u00eancia \u00e0 Sa\u00fade destes servidores.<\/span>[\/vc_column_text][\/vc_column][vc_column width=&#8221;1\/2&#8243;][vc_single_image image=&#8221;1946&#8243; img_size=&#8221;668&#215;540&#8243; alignment=&#8221;right&#8221;][\/vc_column][\/vc_row]<\/p>\n","protected":false},"excerpt":{"rendered":"<p>[vc_row][vc_column width=&#8221;1\/2&#8243;][vc_column_text]Criado em 2001, o IPREM &#8211; Instituto de Previd\u00eancia Municipal de Asp\u00e1sia \u2013 \u00e9 uma Autarquia Municipal, com autonomia administrativa, financeira e patrimonial. Todos os servidores p\u00fablicos municipais titulares de cargos efetivos, ativos e inativos, dos poderes Executivo, Legislativo e das Autarquias e Funda\u00e7\u00f5es P\u00fablicas do Munic\u00edpio, s\u00e3o obrigatoriamente segurados do Instituto. O IPREM&hellip;<\/p>\n","protected":false},"author":1,"featured_media":0,"parent":0,"menu_order":0,"comment_status":"closed","ping_status":"closed","template":"","meta":{"_monsterinsights_skip_tracking":false,"_monsterinsights_sitenote_active":false,"_monsterinsights_sitenote_note":"","_monsterinsights_sitenote_category":0},"_links":{"self":[{"href":"https:\/\/ipremaspasia.sp.gov.br\/index.php\/wp-json\/wp\/v2\/pages\/1943"}],"collection":[{"href":"https:\/\/ipremaspasia.sp.gov.br\/index.php\/wp-json\/wp\/v2\/pages"}],"about":[{"href":"https:\/\/ipremaspasia.sp.gov.br\/index.php\/wp-json\/wp\/v2\/types\/page"}],"author":[{"embeddable":true,"href":"https:\/\/ipremaspasia.sp.gov.br\/index.php\/wp-json\/wp\/v2\/users\/1"}],"replies":[{"embeddable":true,"href":"https:\/\/ipremaspasia.sp.gov.br\/index.php\/wp-json\/wp\/v2\/comments?post=1943"}],"version-history":[{"count":1,"href":"https:\/\/ipremaspasia.sp.gov.br\/index.php\/wp-json\/wp\/v2\/pages\/1943\/revisions"}],"predecessor-version":[{"id":4071,"href":"https:\/\/ipremaspasia.sp.gov.br\/index.php\/wp-json\/wp\/v2\/pages\/1943\/revisions\/4071"}],"wp:attachment":[{"href":"https:\/\/ipremaspasia.sp.gov.br\/index.php\/wp-json\/wp\/v2\/media?parent=1943"}],"curies":[{"name":"wp","href":"https:\/\/api.w.org\/{rel}","templated":true}]}}