{"id":1990,"date":"2018-12-19T11:38:47","date_gmt":"2018-12-19T13:38:47","guid":{"rendered":"http:\/\/68.183.25.112\/?page_id=1990"},"modified":"2026-02-24T14:31:39","modified_gmt":"2026-02-24T14:31:39","slug":"licitacoes","status":"publish","type":"page","link":"https:\/\/ipremaspasia.sp.gov.br\/index.php\/licitacoes\/","title":{"rendered":"Licita\u00e7\u00f5es"},"content":{"rendered":"<p>[vc_row][vc_column][vc_message]<\/p>\n<h1>EDITAL DE PUBLICA\u00c7\u00c3O &#8211; PREG\u00c3O 001-2016<\/h1>\n<p><a href=\"http:\/\/ipremaspasia.sp.gov.br\/wp-content\/uploads\/2023\/03\/EDITAL-DE-PUBLICACAO-PREGAO-001-2016.pdf\">EDITAL DE PUBLICA\u00c7\u00c3O &#8211; PREG\u00c3O 001-2016<\/a>[\/vc_message][vc_message]<\/p>\n<h1>EDITAL DE PUBLICA\u00c7\u00c3O &#8211; CONVITE 001-2017<\/h1>\n<p><a href=\"http:\/\/ipremaspasia.sp.gov.br\/wp-content\/uploads\/2023\/03\/EDITAL-DE-PUBLICACAO-CONVITE-001-2017.pdf\">EDITAL DE PUBLICA\u00c7\u00c3O &#8211; CONVITE 001-2017<\/a><\/p>\n<p><a href=\"http:\/\/ipremaspasia.sp.gov.br\/wp-content\/uploads\/2023\/03\/EDITAL-DE-PUBLICACAO-CONVITE-002-2017.pdf\">EDITAL DE PUBLICA\u00c7\u00c3O &#8211; CONVITE 002-2017<\/a>[\/vc_message][vc_message]<\/p>\n<h1>EDITAL DE PUBLICA\u00c7\u00c3O &#8211; CONVITE 001-2020<\/h1>\n<p><a href=\"http:\/\/ipremaspasia.sp.gov.br\/wp-content\/uploads\/2023\/03\/EDITAL-DE-PUBLICACAO-CONVITE-001-2020.pdf\">EDITAL DE PUBLICA\u00c7\u00c3O &#8211; CONVITE 001-2020<\/a>[\/vc_message][vc_message]<\/p>\n<h1>EDITAL DE PUBLICA\u00c7\u00c3O &#8211; CONVITE 001-2021<\/h1>\n<p><a href=\"http:\/\/ipremaspasia.sp.gov.br\/wp-content\/uploads\/2023\/03\/EDITAL-DE-PUBLICACAO-CONVITE-001-2021.pdf\">EDITAL DE PUBLICA\u00c7\u00c3O &#8211; CONVITE 001-2021<\/a><\/p>\n<p><a href=\"http:\/\/ipremaspasia.sp.gov.br\/wp-content\/uploads\/2023\/03\/EDITAL-DE-PUBLICACAO-CONVITE-002-2021.pdf\">EDITAL DE PUBLICA\u00c7\u00c3O &#8211; CONVITE 002-2021<\/a><\/p>\n<p><a href=\"http:\/\/ipremaspasia.sp.gov.br\/wp-content\/uploads\/2023\/03\/EDITAL-DE-PUBLICACAO-CONVITE-003-2021.pdf\">EDITAL DE PUBLICA\u00c7\u00c3O &#8211; CONVITE 003-2021<\/a>[\/vc_message][vc_message]<\/p>\n<h1>EDITAL DE PUBLICA\u00c7\u00c3O &#8211; CONVITE 003-2023<\/h1>\n<p><a href=\"http:\/\/ipremaspasia.sp.gov.br\/wp-content\/uploads\/2023\/03\/EDITAL-DE-PUBLICACAO-CONVITE-001-2023.pdf\">EDITAL DE PUBLICA\u00c7\u00c3O &#8211; CONVITE 001-2023<\/a>[\/vc_message][vc_message]<\/p>\n<h1>EDITAL DE PUBLICA\u00c7\u00c3O &#8211; Dispensa 001-2024<\/h1>\n<p><a href=\"http:\/\/ipremaspasia.sp.gov.br\/wp-content\/uploads\/2024\/06\/Dispensa-001-2024.pdf\">Dispensa 001-2024<\/a> Publicado 13\/06\/2024[\/vc_message][vc_message]<\/p>\n<h1>EDITAL DE PUBLICA\u00c7\u00c3O &#8211; Dispensa 002-2024<\/h1>\n<p><a href=\"http:\/\/ipremaspasia.sp.gov.br\/wp-content\/uploads\/2024\/08\/Dispensa-002-2024.pdf\">Dispensa 002-2024<\/a> Publicado 22\/08\/2024[\/vc_message][vc_message]<\/p>\n<h1>EDITAL DE PUBLICA\u00c7\u00c3O &#8211; Dispensa 003-2024<\/h1>\n<p><a href=\"http:\/\/ipremaspasia.sp.gov.br\/wp-content\/uploads\/2024\/08\/Dispensa-003-2024.pdf\">Dispensa 003-2024<\/a> Publicado 22\/08\/2024[\/vc_message][vc_message]<\/p>\n<h1>EDITAL DE PUBLICA\u00c7\u00c3O &#8211; Dispensa 004-2024<\/h1>\n<p><a href=\"http:\/\/ipremaspasia.sp.gov.br\/wp-content\/uploads\/2024\/11\/Dispensa-004-2024.pdf\">Dispensa 004-2024<\/a> Publicado 15\/11\/2024<\/p>\n<p>[\/vc_message][vc_message]<\/p>\n<h1>EDITAL DE PUBLICA\u00c7\u00c3O &#8211; Dispensa 001-2025<\/h1>\n<p><a href=\"http:\/\/ipremaspasia.sp.gov.br\/wp-content\/uploads\/2025\/01\/Dispensa-001-2025.pdf\">Dispensa &#8211; 001-2025<\/a> Publicado 09\/01\/2025[\/vc_message][vc_message]<\/p>\n<h1>EDITAL DE PUBLICA\u00c7\u00c3O &#8211; Dispensa 002-2025<\/h1>\n<p><a href=\"http:\/\/ipremaspasia.sp.gov.br\/wp-content\/uploads\/2025\/02\/Dispensa-002.pdf\">Dispensa 002<\/a>\u00a0 Publicado 28\/02\/2025[\/vc_message][vc_message]<\/p>\n<h1>EDITAL DE PUBLICA\u00c7\u00c3O &#8211; Dispensa 003-2025<\/h1>\n<p><a href=\"http:\/\/ipremaspasia.sp.gov.br\/wp-content\/uploads\/2025\/04\/Dispensa-003-2025.pdf\">Dispensa 003-2025<\/a> Publicado 23\/04\/2025[\/vc_message][vc_message]<\/p>\n<h1>EDITAL DE PUBLICA\u00c7\u00c3O &#8211; Dispensa 003-2025<\/h1>\n<p><a href=\"http:\/\/ipremaspasia.sp.gov.br\/wp-content\/uploads\/2025\/04\/Dispensa-003-2025.pdf\">Dispensa 003-2025<\/a> Publicado 23\/04\/2025[\/vc_message][vc_message]<\/p>\n<h1>EDITAL DE PUBLICA\u00c7\u00c3O &#8211; Dispensa 001-2026<\/h1>\n<p><a href=\"http:\/\/ipremaspasia.sp.gov.br\/wp-content\/uploads\/2026\/01\/Dispensa-001-2026.pdf\">Dispensa &#8211; 001-2026<\/a> Publicado 23\/01\/2026[\/vc_message][vc_message]<\/p>\n<h1>EDITAL DE PUBLICA\u00c7\u00c3O &#8211; Dispensa 002-2026<\/h1>\n<p><a href=\"http:\/\/ipremaspasia.sp.gov.br\/wp-content\/uploads\/2026\/02\/Dispensa-002-2026.pdf\">Dispensa &#8211; 002-2026<\/a> Publicado 23\/02\/2026[\/vc_message][\/vc_column][\/vc_row]<\/p>\n","protected":false},"excerpt":{"rendered":"<p>[vc_row][vc_column][vc_message] EDITAL DE PUBLICA\u00c7\u00c3O &#8211; PREG\u00c3O 001-2016 EDITAL DE PUBLICA\u00c7\u00c3O &#8211; PREG\u00c3O 001-2016[\/vc_message][vc_message] EDITAL DE PUBLICA\u00c7\u00c3O &#8211; CONVITE 001-2017 EDITAL DE PUBLICA\u00c7\u00c3O &#8211; CONVITE 001-2017 EDITAL DE PUBLICA\u00c7\u00c3O &#8211; CONVITE 002-2017[\/vc_message][vc_message] EDITAL DE PUBLICA\u00c7\u00c3O &#8211; CONVITE 001-2020 EDITAL DE PUBLICA\u00c7\u00c3O &#8211; CONVITE 001-2020[\/vc_message][vc_message] EDITAL DE PUBLICA\u00c7\u00c3O &#8211; CONVITE 001-2021 EDITAL DE PUBLICA\u00c7\u00c3O &#8211; CONVITE 001-2021&hellip;<\/p>\n","protected":false},"author":1,"featured_media":0,"parent":0,"menu_order":0,"comment_status":"closed","ping_status":"closed","template":"","meta":{"_monsterinsights_skip_tracking":false,"_monsterinsights_sitenote_active":false,"_monsterinsights_sitenote_note":"","_monsterinsights_sitenote_category":0},"_links":{"self":[{"href":"https:\/\/ipremaspasia.sp.gov.br\/index.php\/wp-json\/wp\/v2\/pages\/1990"}],"collection":[{"href":"https:\/\/ipremaspasia.sp.gov.br\/index.php\/wp-json\/wp\/v2\/pages"}],"about":[{"href":"https:\/\/ipremaspasia.sp.gov.br\/index.php\/wp-json\/wp\/v2\/types\/page"}],"author":[{"embeddable":true,"href":"https:\/\/ipremaspasia.sp.gov.br\/index.php\/wp-json\/wp\/v2\/users\/1"}],"replies":[{"embeddable":true,"href":"https:\/\/ipremaspasia.sp.gov.br\/index.php\/wp-json\/wp\/v2\/comments?post=1990"}],"version-history":[{"count":15,"href":"https:\/\/ipremaspasia.sp.gov.br\/index.php\/wp-json\/wp\/v2\/pages\/1990\/revisions"}],"predecessor-version":[{"id":5512,"href":"https:\/\/ipremaspasia.sp.gov.br\/index.php\/wp-json\/wp\/v2\/pages\/1990\/revisions\/5512"}],"wp:attachment":[{"href":"https:\/\/ipremaspasia.sp.gov.br\/index.php\/wp-json\/wp\/v2\/media?parent=1990"}],"curies":[{"name":"wp","href":"https:\/\/api.w.org\/{rel}","templated":true}]}}