{"id":2025,"date":"2018-12-19T14:16:04","date_gmt":"2018-12-19T14:16:04","guid":{"rendered":"http:\/\/68.183.25.112\/?page_id=2025"},"modified":"2024-05-15T18:11:04","modified_gmt":"2024-05-15T18:11:04","slug":"extrarodecontrato","status":"publish","type":"page","link":"https:\/\/ipremaspasia.sp.gov.br\/index.php\/extrarodecontrato\/","title":{"rendered":"EXTRATO DE CONTRATO"},"content":{"rendered":"<p>[vc_row][vc_column width=&#8221;2\/3&#8243;][vc_column_text]\u00c9 o resumo dos elementos jur\u00eddicos que integram o\u00a0<b>contrato<\/b>\u00a0para fins de publica\u00e7\u00e3o no di\u00e1rio oficial. Exemplo de um\u00a0<b>extrato<\/b>\u00a0de\u00a0<b>contrato<\/b>.[\/vc_column_text][vc_empty_space][vc_tta_tour][vc_tta_section title=&#8221;2023&#8243; tab_id=&#8221;1545236049643-943018a7-603c&#8221;]<div class=\"uavc-list-icon uavc-list-icon-wrapper ult-adjust-bottom-margin   \"><ul class=\"uavc-list\"><li><div class=\"uavc-list-content\" id=\"list-icon-wrap-9729\">\n<div class=\"uavc-list-icon  \" data-animation=\"\" data-animation-delay=\"03\" style=\"margin-right:5px;\"><div class=\"ult-just-icon-wrapper  \"><div class=\"align-icon\" style=\"text-align:center;\">\n<div class=\"aio-icon-img \" style=\"font-size:32px;display:inline-block;\" >\n\t<img class=\"img-icon\" alt=\"null\" src=\"https:\/\/ipremaspasia.sp.gov.br\/wp-content\/uploads\/2021\/09\/o-icone-do-pdf-simbolo-do-formato-de-arquivo-liso-79378926.jpg\"\/>\n<\/div><\/div><\/div>\n<\/div><span  data-ultimate-target='#list-icon-wrap-9729 .uavc-list-desc'  data-responsive-json-new='{\"font-size\":\"\",\"line-height\":\"\"}'  class=\"uavc-list-desc ult-responsive\" style=\"\"><a href=\"http:\/\/ipremaspasia.sp.gov.br\/wp-content\/uploads\/2023\/03\/Extrato-de-Contrato-no.-001-2023.pdf\">Extrato de Contrato n\u00ba. 001-2023<\/a><\/p>\n<p><a href=\"http:\/\/ipremaspasia.sp.gov.br\/wp-content\/uploads\/2023\/03\/Extrato-de-Contrato-no.-002-2023.pdf\">Extrato de Contrato n\u00ba. 002-2023<\/a><\/p>\n<p><a href=\"http:\/\/ipremaspasia.sp.gov.br\/wp-content\/uploads\/2023\/08\/Extrato-de-Contrato-no.-003-2023.pdf\">Extrato de Contrato n\u00ba. 003-2023<\/a><\/p>\n<p><a href=\"http:\/\/ipremaspasia.sp.gov.br\/wp-content\/uploads\/2023\/11\/Extrato-de-Contrato-no.-004-2023.pdf\">Extrato de Contrato n\u00ba. 004-2023<\/a><\/p>\n<p><a href=\"http:\/\/ipremaspasia.sp.gov.br\/wp-content\/uploads\/2023\/11\/Extrato-de-Contrato-no.-005.pdf\">Extrato de Contrato n\u00ba. 005<\/a><\/p>\n<p><a href=\"http:\/\/ipremaspasia.sp.gov.br\/wp-content\/uploads\/2024\/05\/Extrato-de-Contrato-no.-005-2023.pdf\">Extrato de Contrato n\u00ba. 005-2023<\/a><\/p>\n<p><a href=\"http:\/\/ipremaspasia.sp.gov.br\/wp-content\/uploads\/2024\/05\/Extrato-de-Contrato-no.-006-2023.pdf\">Extrato de Contrato n\u00ba. 006-2023<\/a><\/p>\n<p><a href=\"http:\/\/ipremaspasia.sp.gov.br\/wp-content\/uploads\/2024\/05\/Extrato-de-Contrato-no.-007-2023.pdf\">Extrato de Contrato n\u00ba. 007-2023<\/a><\/span><\/div><\/li><\/ul><\/div>[\/vc_tta_section][vc_tta_section title=&#8221;2022&#8243; tab_id=&#8221;1679059653717-293df62e-9ddc&#8221;]<div class=\"uavc-list-icon uavc-list-icon-wrapper ult-adjust-bottom-margin   \"><ul class=\"uavc-list\"><li><div class=\"uavc-list-content\" id=\"list-icon-wrap-6463\">\n<div class=\"uavc-list-icon  \" data-animation=\"\" data-animation-delay=\"03\" style=\"margin-right:5px;\"><div class=\"ult-just-icon-wrapper  \"><div class=\"align-icon\" style=\"text-align:center;\">\n<div class=\"aio-icon-img \" style=\"font-size:32px;display:inline-block;\" >\n\t<img class=\"img-icon\" alt=\"null\" src=\"https:\/\/ipremaspasia.sp.gov.br\/wp-content\/uploads\/2021\/09\/o-icone-do-pdf-simbolo-do-formato-de-arquivo-liso-79378926.jpg\"\/>\n<\/div><\/div><\/div>\n<\/div><span  data-ultimate-target='#list-icon-wrap-6463 .uavc-list-desc'  data-responsive-json-new='{\"font-size\":\"\",\"line-height\":\"\"}'  class=\"uavc-list-desc ult-responsive\" style=\"\"><a href=\"http:\/\/ipremaspasia.sp.gov.br\/wp-content\/uploads\/2023\/02\/Extrato-de-Contrato-no.-001-2022.pdf\">Extrato de Contrato n\u00ba. 001-2022<\/a><\/p>\n<p><a href=\"http:\/\/ipremaspasia.sp.gov.br\/wp-content\/uploads\/2023\/02\/Extrato-de-Contrato-no.-002-2022.pdf\">Extrato de Contrato n\u00ba. 002-2022<\/a><\/p>\n<p><a href=\"http:\/\/ipremaspasia.sp.gov.br\/wp-content\/uploads\/2023\/02\/Extrato-de-Contrato-no.-003.pdf\">Extrato de Contrato n\u00ba. 003<\/a><\/span><\/div><\/li><\/ul><\/div>[\/vc_tta_section][vc_tta_section title=&#8221;2021&#8243; tab_id=&#8221;1642094034807-7fa441ef-5109&#8243;]<div class=\"uavc-list-icon uavc-list-icon-wrapper ult-adjust-bottom-margin   \"><ul class=\"uavc-list\"><li><div class=\"uavc-list-content\" id=\"list-icon-wrap-2052\">\n<div class=\"uavc-list-icon  \" data-animation=\"\" data-animation-delay=\"03\" style=\"margin-right:5px;\"><div class=\"ult-just-icon-wrapper  \"><div class=\"align-icon\" style=\"text-align:center;\">\n<div class=\"aio-icon-img \" style=\"font-size:32px;display:inline-block;\" >\n\t<img class=\"img-icon\" alt=\"null\" src=\"https:\/\/ipremaspasia.sp.gov.br\/wp-content\/uploads\/2021\/09\/o-icone-do-pdf-simbolo-do-formato-de-arquivo-liso-79378926.jpg\"\/>\n<\/div><\/div><\/div>\n<\/div><span  data-ultimate-target='#list-icon-wrap-2052 .uavc-list-desc'  data-responsive-json-new='{\"font-size\":\"\",\"line-height\":\"\"}'  class=\"uavc-list-desc ult-responsive\" style=\"\"><a href=\"http:\/\/ipremaspasia.sp.gov.br\/wp-content\/uploads\/2023\/02\/Extrato-de-Contrato-001-2021.pdf\">Extrato de Contrato 001-2021<\/a><\/p>\n<p><a href=\"http:\/\/ipremaspasia.sp.gov.br\/wp-content\/uploads\/2023\/02\/Extrato-de-Contrato-002-2021.pdf\">Extrato de Contrato 002-2021<\/a><\/p>\n<p><a href=\"http:\/\/ipremaspasia.sp.gov.br\/wp-content\/uploads\/2023\/02\/Extrato-de-Contrato-003-2021.pdf\">Extrato de Contrato 003-2021<\/a><\/p>\n<p><a href=\"http:\/\/ipremaspasia.sp.gov.br\/wp-content\/uploads\/2023\/02\/Extrato-de-Contrato-Fiorilli-2021.pdf\">Extrato de Contrato Fiorilli 2021<\/a><\/span><\/div><\/li><\/ul><\/div>[\/vc_tta_section][vc_tta_section title=&#8221;2020&#8243; tab_id=&#8221;1634150636014-1a3aa67c-37e1&#8243;]<div class=\"uavc-list-icon uavc-list-icon-wrapper ult-adjust-bottom-margin   \"><ul class=\"uavc-list\"><li><div class=\"uavc-list-content\" id=\"list-icon-wrap-5367\">\n<div class=\"uavc-list-icon  \" data-animation=\"\" data-animation-delay=\"03\" style=\"margin-right:5px;\"><div class=\"ult-just-icon-wrapper  \"><div class=\"align-icon\" style=\"text-align:center;\">\n<div class=\"aio-icon-img \" style=\"font-size:32px;display:inline-block;\" >\n\t<img class=\"img-icon\" alt=\"null\" src=\"https:\/\/ipremaspasia.sp.gov.br\/wp-content\/uploads\/2021\/09\/o-icone-do-pdf-simbolo-do-formato-de-arquivo-liso-79378926.jpg\"\/>\n<\/div><\/div><\/div>\n<\/div><span  data-ultimate-target='#list-icon-wrap-5367 .uavc-list-desc'  data-responsive-json-new='{\"font-size\":\"\",\"line-height\":\"\"}'  class=\"uavc-list-desc ult-responsive\" style=\"\"><a href=\"http:\/\/ipremaspasia.sp.gov.br\/wp-content\/uploads\/2023\/02\/Extrato-de-Contrato-001-2020.pdf\">Extrato de Contrato 001-2020<\/a><\/p>\n<p><a href=\"http:\/\/ipremaspasia.sp.gov.br\/wp-content\/uploads\/2023\/02\/Extrato-de-Contrato-002-2020.pdf\">Extrato de Contrato 002-2020<\/a><\/p>\n<p><a href=\"http:\/\/ipremaspasia.sp.gov.br\/wp-content\/uploads\/2023\/02\/EXTRATO-TERMO-DE-ADITAMENTO-No-003-2021.pdf\">EXTRATO TERMO DE ADITAMENTO N\u00ba 003-2021<\/a><\/span><\/div><\/li><\/ul><\/div>[\/vc_tta_section][vc_tta_section title=&#8221;2019&#8243; tab_id=&#8221;1634150634389-a973db2f-8632&#8243;]<div class=\"uavc-list-icon uavc-list-icon-wrapper ult-adjust-bottom-margin   \"><ul class=\"uavc-list\"><li><div class=\"uavc-list-content\" id=\"list-icon-wrap-3507\">\n<div class=\"uavc-list-icon  \" data-animation=\"\" data-animation-delay=\"03\" style=\"margin-right:5px;\"><div class=\"ult-just-icon-wrapper  \"><div class=\"align-icon\" style=\"text-align:center;\">\n<div class=\"aio-icon-img \" style=\"font-size:32px;display:inline-block;\" >\n\t<img class=\"img-icon\" alt=\"null\" src=\"https:\/\/ipremaspasia.sp.gov.br\/wp-content\/uploads\/2021\/09\/o-icone-do-pdf-simbolo-do-formato-de-arquivo-liso-79378926.jpg\"\/>\n<\/div><\/div><\/div>\n<\/div><span  data-ultimate-target='#list-icon-wrap-3507 .uavc-list-desc'  data-responsive-json-new='{\"font-size\":\"\",\"line-height\":\"\"}'  class=\"uavc-list-desc ult-responsive\" style=\"\"><a href=\"http:\/\/ipremaspasia.sp.gov.br\/wp-content\/uploads\/2023\/02\/Extrato-de-Contrato-no.-001-2019.pdf\">Extrato de Contrato n\u00ba. 001-2019<\/a><\/span><\/div><\/li><\/ul><\/div>[\/vc_tta_section][vc_tta_section title=&#8221;2018&#8243; tab_id=&#8221;1634150633891-1c72a705-ab10&#8243;]<div class=\"uavc-list-icon uavc-list-icon-wrapper ult-adjust-bottom-margin   \"><ul class=\"uavc-list\"><li><div class=\"uavc-list-content\" id=\"list-icon-wrap-9966\">\n<div class=\"uavc-list-icon  \" data-animation=\"\" data-animation-delay=\"03\" style=\"margin-right:5px;\"><div class=\"ult-just-icon-wrapper  \"><div class=\"align-icon\" style=\"text-align:center;\">\n<div class=\"aio-icon-img \" style=\"font-size:32px;display:inline-block;\" >\n\t<img class=\"img-icon\" alt=\"null\" src=\"https:\/\/ipremaspasia.sp.gov.br\/wp-content\/uploads\/2021\/09\/o-icone-do-pdf-simbolo-do-formato-de-arquivo-liso-79378926.jpg\"\/>\n<\/div><\/div><\/div>\n<\/div><span  data-ultimate-target='#list-icon-wrap-9966 .uavc-list-desc'  data-responsive-json-new='{\"font-size\":\"\",\"line-height\":\"\"}'  class=\"uavc-list-desc ult-responsive\" style=\"\"><a href=\"http:\/\/ipremaspasia.sp.gov.br\/wp-content\/uploads\/2023\/02\/Extrato-de-Contrato-001-2018.pdf\">Extrato de Contrato 001-2018<\/a><\/p>\n<p><a href=\"http:\/\/ipremaspasia.sp.gov.br\/wp-content\/uploads\/2023\/02\/Extrato-de-Contrato-002-2018.pdf\">Extrato de Contrato 002-2018<\/a><\/span><\/div><\/li><\/ul><\/div>[\/vc_tta_section][vc_tta_section title=&#8221;2017&#8243; tab_id=&#8221;1634150633286-b88d8701-bbd9&#8243;]<div class=\"uavc-list-icon uavc-list-icon-wrapper ult-adjust-bottom-margin   \"><ul class=\"uavc-list\"><li><div class=\"uavc-list-content\" id=\"list-icon-wrap-6597\">\n<div class=\"uavc-list-icon  \" data-animation=\"\" data-animation-delay=\"03\" style=\"margin-right:5px;\"><div class=\"ult-just-icon-wrapper  \"><div class=\"align-icon\" style=\"text-align:center;\">\n<div class=\"aio-icon-img \" style=\"font-size:32px;display:inline-block;\" >\n\t<img class=\"img-icon\" alt=\"null\" src=\"https:\/\/ipremaspasia.sp.gov.br\/wp-content\/uploads\/2021\/09\/o-icone-do-pdf-simbolo-do-formato-de-arquivo-liso-79378926.jpg\"\/>\n<\/div><\/div><\/div>\n<\/div><span  data-ultimate-target='#list-icon-wrap-6597 .uavc-list-desc'  data-responsive-json-new='{\"font-size\":\"\",\"line-height\":\"\"}'  class=\"uavc-list-desc ult-responsive\" style=\"\"><a href=\"http:\/\/ipremaspasia.sp.gov.br\/wp-content\/uploads\/2023\/02\/Extrato-de-Contrato-001-2017.pdf\">Extrato de Contrato 001-2017<\/a><\/p>\n<p><a href=\"http:\/\/ipremaspasia.sp.gov.br\/wp-content\/uploads\/2023\/02\/Extrato-de-Contrato-002-2017.pdf\">Extrato de Contrato 002-2017<\/a><\/p>\n<p><a href=\"http:\/\/ipremaspasia.sp.gov.br\/wp-content\/uploads\/2023\/02\/Extrato-de-Contrato-003-2017.pdf\">Extrato de Contrato 003-2017<\/a><\/p>\n<p><a href=\"http:\/\/ipremaspasia.sp.gov.br\/wp-content\/uploads\/2023\/02\/Extrato-de-Contrato-004-2017.pdf\">Extrato de Contrato 004-2017<\/a><\/span><\/div><\/li><\/ul><\/div>[\/vc_tta_section][\/vc_tta_tour][\/vc_column][vc_column width=&#8221;1\/3&#8243;][\/vc_column][\/vc_row]<\/p>\n","protected":false},"excerpt":{"rendered":"<p>[vc_row][vc_column width=&#8221;2\/3&#8243;][vc_column_text]\u00c9 o resumo dos elementos jur\u00eddicos que integram o\u00a0contrato\u00a0para fins de publica\u00e7\u00e3o no di\u00e1rio oficial. Exemplo de um\u00a0extrato\u00a0de\u00a0contrato.[\/vc_column_text][vc_empty_space][vc_tta_tour][vc_tta_section title=&#8221;2023&#8243; tab_id=&#8221;1545236049643-943018a7-603c&#8221;][\/vc_tta_section][vc_tta_section title=&#8221;2022&#8243; tab_id=&#8221;1679059653717-293df62e-9ddc&#8221;][\/vc_tta_section][vc_tta_section title=&#8221;2021&#8243; tab_id=&#8221;1642094034807-7fa441ef-5109&#8243;][\/vc_tta_section][vc_tta_section title=&#8221;2020&#8243; tab_id=&#8221;1634150636014-1a3aa67c-37e1&#8243;][\/vc_tta_section][vc_tta_section title=&#8221;2019&#8243; tab_id=&#8221;1634150634389-a973db2f-8632&#8243;][\/vc_tta_section][vc_tta_section title=&#8221;2018&#8243; tab_id=&#8221;1634150633891-1c72a705-ab10&#8243;][\/vc_tta_section][vc_tta_section title=&#8221;2017&#8243; tab_id=&#8221;1634150633286-b88d8701-bbd9&#8243;][\/vc_tta_section][\/vc_tta_tour][\/vc_column][vc_column width=&#8221;1\/3&#8243;][\/vc_column][\/vc_row]<\/p>\n","protected":false},"author":1,"featured_media":0,"parent":0,"menu_order":0,"comment_status":"closed","ping_status":"closed","template":"","meta":{"_monsterinsights_skip_tracking":false,"_monsterinsights_sitenote_active":false,"_monsterinsights_sitenote_note":"","_monsterinsights_sitenote_category":0},"_links":{"self":[{"href":"https:\/\/ipremaspasia.sp.gov.br\/index.php\/wp-json\/wp\/v2\/pages\/2025"}],"collection":[{"href":"https:\/\/ipremaspasia.sp.gov.br\/index.php\/wp-json\/wp\/v2\/pages"}],"about":[{"href":"https:\/\/ipremaspasia.sp.gov.br\/index.php\/wp-json\/wp\/v2\/types\/page"}],"author":[{"embeddable":true,"href":"https:\/\/ipremaspasia.sp.gov.br\/index.php\/wp-json\/wp\/v2\/users\/1"}],"replies":[{"embeddable":true,"href":"https:\/\/ipremaspasia.sp.gov.br\/index.php\/wp-json\/wp\/v2\/comments?post=2025"}],"version-history":[{"count":24,"href":"https:\/\/ipremaspasia.sp.gov.br\/index.php\/wp-json\/wp\/v2\/pages\/2025\/revisions"}],"predecessor-version":[{"id":5187,"href":"https:\/\/ipremaspasia.sp.gov.br\/index.php\/wp-json\/wp\/v2\/pages\/2025\/revisions\/5187"}],"wp:attachment":[{"href":"https:\/\/ipremaspasia.sp.gov.br\/index.php\/wp-json\/wp\/v2\/media?parent=2025"}],"curies":[{"name":"wp","href":"https:\/\/api.w.org\/{rel}","templated":true}]}}