{"id":2131,"date":"2019-04-09T13:02:10","date_gmt":"2019-04-09T13:02:10","guid":{"rendered":"http:\/\/ipremparanapua.sp.gov.br\/?page_id=2131"},"modified":"2025-06-09T17:42:48","modified_gmt":"2025-06-09T17:42:48","slug":"calculo-atuarial","status":"publish","type":"page","link":"https:\/\/ipremaspasia.sp.gov.br\/index.php\/calculo-atuarial\/","title":{"rendered":"Calculo Atuarial"},"content":{"rendered":"<p>[vc_row][vc_column][vc_column_text]<span style=\"color: #000000;\">A <em><strong>ci\u00eancia atuarial<\/strong><\/em> \u00e9 a ci\u00eancia das t\u00e9cnicas espec\u00edficas de an\u00e1lise de riscos e expectativas, principalmente na administra\u00e7\u00e3o de seguros e fundos de pens\u00e3o. Esta ci\u00eancia aplica conhecimentos espec\u00edficos das matem\u00e1ticas estat\u00edstica e financeira.<\/span>[\/vc_column_text][vc_tta_tabs][vc_tta_section i_icon_fontawesome=&#8221;fas fa-cloud-download-alt&#8221; add_icon=&#8221;true&#8221; title=&#8221;2025&#8243; tab_id=&#8221;1554814828143-c63e11bb-b1f2&#8243;]<div class=\"uavc-list-icon uavc-list-icon-wrapper ult-adjust-bottom-margin   vc_custom_1623332436194  vc_custom_1623332436194\"><ul class=\"uavc-list\"><li><div class=\"uavc-list-content\" id=\"list-icon-wrap-4822\">\n<div class=\"uavc-list-icon  \" data-animation=\"\" data-animation-delay=\"03\" style=\"margin-right:5px;\"><div class=\"ult-just-icon-wrapper  \"><div class=\"align-icon\" style=\"text-align:center;\">\n<div class=\"aio-icon-img \" style=\"font-size:20px;display:inline-block;\" >\n\t<img class=\"img-icon\" alt=\"null\" src=\"https:\/\/ipremaspasia.sp.gov.br\/wp-content\/uploads\/2021\/09\/o-icone-do-pdf-simbolo-do-formato-de-arquivo-liso-79378926.jpg\"\/>\n<\/div><\/div><\/div>\n<\/div><span  data-ultimate-target='#list-icon-wrap-4822 .uavc-list-desc'  data-responsive-json-new='{\"font-size\":\"\",\"line-height\":\"\"}'  class=\"uavc-list-desc ult-responsive\" style=\"\"><a href=\"http:\/\/ipremaspasia.sp.gov.br\/wp-content\/uploads\/2025\/06\/Avaliacao-Atuarial-2025.pdf\">Avalia\u00e7\u00e3o Atuarial 2025<\/a><\/span><\/div><\/li><\/ul><\/div>[\/vc_tta_section][vc_tta_section i_icon_fontawesome=&#8221;fas fa-cloud-download-alt&#8221; add_icon=&#8221;true&#8221; title=&#8221;2024&#8243; tab_id=&#8221;1749490943452-8b5512ad-f159&#8243;]<div class=\"uavc-list-icon uavc-list-icon-wrapper ult-adjust-bottom-margin   vc_custom_1623332436194  vc_custom_1623332436194\"><ul class=\"uavc-list\"><li><div class=\"uavc-list-content\" id=\"list-icon-wrap-1849\">\n<div class=\"uavc-list-icon  \" data-animation=\"\" data-animation-delay=\"03\" style=\"margin-right:5px;\"><div class=\"ult-just-icon-wrapper  \"><div class=\"align-icon\" style=\"text-align:center;\">\n<div class=\"aio-icon-img \" style=\"font-size:20px;display:inline-block;\" >\n\t<img class=\"img-icon\" alt=\"null\" src=\"https:\/\/ipremaspasia.sp.gov.br\/wp-content\/uploads\/2021\/09\/o-icone-do-pdf-simbolo-do-formato-de-arquivo-liso-79378926.jpg\"\/>\n<\/div><\/div><\/div>\n<\/div><span  data-ultimate-target='#list-icon-wrap-1849 .uavc-list-desc'  data-responsive-json-new='{\"font-size\":\"\",\"line-height\":\"\"}'  class=\"uavc-list-desc ult-responsive\" style=\"\"><a href=\"http:\/\/ipremaspasia.sp.gov.br\/wp-content\/uploads\/2024\/06\/Avaliacao-Atuarial-2024.pdf\">Avalia\u00e7\u00e3o Atuarial 2024<\/a><\/span><\/div><\/li><\/ul><\/div>[\/vc_tta_section][vc_tta_section i_icon_fontawesome=&#8221;fas fa-cloud-download-alt&#8221; add_icon=&#8221;true&#8221; title=&#8221;2023&#8243; tab_id=&#8221;1717528088744-2a9a267c-cfa3&#8243;]<div class=\"uavc-list-icon uavc-list-icon-wrapper ult-adjust-bottom-margin   vc_custom_1623332436194  vc_custom_1623332436194\"><ul class=\"uavc-list\"><li><div class=\"uavc-list-content\" id=\"list-icon-wrap-8677\">\n<div class=\"uavc-list-icon  \" data-animation=\"\" data-animation-delay=\"03\" style=\"margin-right:5px;\"><div class=\"ult-just-icon-wrapper  \"><div class=\"align-icon\" style=\"text-align:center;\">\n<div class=\"aio-icon-img \" style=\"font-size:20px;display:inline-block;\" >\n\t<img class=\"img-icon\" alt=\"null\" src=\"https:\/\/ipremaspasia.sp.gov.br\/wp-content\/uploads\/2021\/09\/o-icone-do-pdf-simbolo-do-formato-de-arquivo-liso-79378926.jpg\"\/>\n<\/div><\/div><\/div>\n<\/div><span  data-ultimate-target='#list-icon-wrap-8677 .uavc-list-desc'  data-responsive-json-new='{\"font-size\":\"\",\"line-height\":\"\"}'  class=\"uavc-list-desc ult-responsive\" style=\"\"><a href=\"http:\/\/ipremaspasia.sp.gov.br\/wp-content\/uploads\/2023\/11\/Avaliacao-Atuarial-2023.pdf\">Avalia\u00e7\u00e3o Atuarial 2023<\/a><\/span><\/div><\/li><\/ul><\/div>[\/vc_tta_section][vc_tta_section i_icon_fontawesome=&#8221;fas fa-cloud-download-alt&#8221; add_icon=&#8221;true&#8221; title=&#8221;2022&#8243; tab_id=&#8221;1700826625090-0b42b93b-0cac&#8221;]<div class=\"uavc-list-icon uavc-list-icon-wrapper ult-adjust-bottom-margin   vc_custom_1623332436194  vc_custom_1623332436194\"><ul class=\"uavc-list\"><li><div class=\"uavc-list-content\" id=\"list-icon-wrap-2220\">\n<div class=\"uavc-list-icon  \" data-animation=\"\" data-animation-delay=\"03\" style=\"margin-right:5px;\"><div class=\"ult-just-icon-wrapper  \"><div class=\"align-icon\" style=\"text-align:center;\">\n<div class=\"aio-icon-img \" style=\"font-size:20px;display:inline-block;\" >\n\t<img class=\"img-icon\" alt=\"null\" src=\"https:\/\/ipremaspasia.sp.gov.br\/wp-content\/uploads\/2021\/09\/o-icone-do-pdf-simbolo-do-formato-de-arquivo-liso-79378926.jpg\"\/>\n<\/div><\/div><\/div>\n<\/div><span  data-ultimate-target='#list-icon-wrap-2220 .uavc-list-desc'  data-responsive-json-new='{\"font-size\":\"\",\"line-height\":\"\"}'  class=\"uavc-list-desc ult-responsive\" style=\"\"><a href=\"http:\/\/ipremaspasia.sp.gov.br\/wp-content\/uploads\/2023\/02\/Avaliacao-Atuarial-2022.pdf\">Avalia\u00e7\u00e3o Atuarial 2022<\/a><\/span><\/div><\/li><\/ul><\/div>[\/vc_tta_section][vc_tta_section i_icon_fontawesome=&#8221;fas fa-cloud-download-alt&#8221; add_icon=&#8221;true&#8221; title=&#8221;2021&#8243; tab_id=&#8221;1656951483679-ff5afefb-5e42&#8243;]<div class=\"uavc-list-icon uavc-list-icon-wrapper ult-adjust-bottom-margin   vc_custom_1623332436194  vc_custom_1623332436194\"><ul class=\"uavc-list\"><li><div class=\"uavc-list-content\" id=\"list-icon-wrap-6217\">\n<div class=\"uavc-list-icon  \" data-animation=\"\" data-animation-delay=\"03\" style=\"margin-right:5px;\"><div class=\"ult-just-icon-wrapper  \"><div class=\"align-icon\" style=\"text-align:center;\">\n<div class=\"aio-icon-img \" style=\"font-size:20px;display:inline-block;\" >\n\t<img class=\"img-icon\" alt=\"null\" src=\"https:\/\/ipremaspasia.sp.gov.br\/wp-content\/uploads\/2021\/09\/o-icone-do-pdf-simbolo-do-formato-de-arquivo-liso-79378926.jpg\"\/>\n<\/div><\/div><\/div>\n<\/div><span  data-ultimate-target='#list-icon-wrap-6217 .uavc-list-desc'  data-responsive-json-new='{\"font-size\":\"\",\"line-height\":\"\"}'  class=\"uavc-list-desc ult-responsive\" style=\"\"><a href=\"http:\/\/ipremaspasia.sp.gov.br\/wp-content\/uploads\/2021\/09\/Avaliacao-Atuarial-2021.pdf\">Avalia\u00e7\u00e3o Atuarial 2021<\/a><\/span><\/div><\/li><\/ul><\/div>[\/vc_tta_section][vc_tta_section i_icon_fontawesome=&#8221;fas fa-cloud-download-alt&#8221; add_icon=&#8221;true&#8221; title=&#8221;2020&#8243; tab_id=&#8221;1632328932684-84c21deb-113f&#8221;]<div class=\"uavc-list-icon uavc-list-icon-wrapper ult-adjust-bottom-margin   vc_custom_1623332436194  vc_custom_1623332436194\"><ul class=\"uavc-list\"><li><div class=\"uavc-list-content\" id=\"list-icon-wrap-9414\">\n<div class=\"uavc-list-icon  \" data-animation=\"\" data-animation-delay=\"03\" style=\"margin-right:5px;\"><div class=\"ult-just-icon-wrapper  \"><div class=\"align-icon\" style=\"text-align:center;\">\n<div class=\"aio-icon-img \" style=\"font-size:20px;display:inline-block;\" >\n\t<img class=\"img-icon\" alt=\"null\" src=\"https:\/\/ipremaspasia.sp.gov.br\/wp-content\/uploads\/2021\/09\/Avaliacao-Atuarial-2020-ANOMES-BASE-DEZEMBRO2019-\u2013-EXERCICIO-2020-1-pdf.jpg\"\/>\n<\/div><\/div><\/div>\n<\/div><span  data-ultimate-target='#list-icon-wrap-9414 .uavc-list-desc'  data-responsive-json-new='{\"font-size\":\"\",\"line-height\":\"\"}'  class=\"uavc-list-desc ult-responsive\" style=\"\"><a href=\"http:\/\/ipremaspasia.sp.gov.br\/wp-content\/uploads\/2021\/09\/Avaliacao-Atuarial-2020.pdf\">Avalia\u00e7\u00e3o Atuarial 2020<\/a><\/span><\/div><\/li><\/ul><\/div>[\/vc_tta_section][vc_tta_section i_icon_fontawesome=&#8221;fas fa-cloud-download-alt&#8221; add_icon=&#8221;true&#8221; title=&#8221;2019&#8243; tab_id=&#8221;1597081665120-bfb38c83-315f&#8221;]<div class=\"uavc-list-icon uavc-list-icon-wrapper ult-adjust-bottom-margin   vc_custom_1623332431284  vc_custom_1623332431284\"><ul class=\"uavc-list\"><li><div class=\"uavc-list-content\" id=\"list-icon-wrap-3000\">\n<div class=\"uavc-list-icon  \" data-animation=\"\" data-animation-delay=\"03\" style=\"margin-right:5px;\"><div class=\"ult-just-icon-wrapper  \"><div class=\"align-icon\" style=\"text-align:center;\">\n<div class=\"aio-icon-img \" style=\"font-size:20px;display:inline-block;\" >\n\t<img class=\"img-icon\" alt=\"null\" src=\"https:\/\/ipremaspasia.sp.gov.br\/wp-content\/uploads\/2021\/09\/o-icone-do-pdf-simbolo-do-formato-de-arquivo-liso-79378926.jpg\"\/>\n<\/div><\/div><\/div>\n<\/div><span  data-ultimate-target='#list-icon-wrap-3000 .uavc-list-desc'  data-responsive-json-new='{\"font-size\":\"\",\"line-height\":\"\"}'  class=\"uavc-list-desc ult-responsive\" style=\"\"><a href=\"http:\/\/ipremaspasia.sp.gov.br\/wp-content\/uploads\/2021\/09\/Avaliacao-Atuarial-2019.pdf\">Avalia\u00e7\u00e3o Atuarial 2019<\/a><\/span><\/div><\/li><\/ul><\/div>[\/vc_tta_section][vc_tta_section i_icon_fontawesome=&#8221;fas fa-cloud-download-alt&#8221; add_icon=&#8221;true&#8221; title=&#8221;2018&#8243; tab_id=&#8221;1631133677705-e4e3f8ae-eb35&#8243;]<div class=\"uavc-list-icon uavc-list-icon-wrapper ult-adjust-bottom-margin   vc_custom_1623332431284  vc_custom_1623332431284\"><ul class=\"uavc-list\"><li><div class=\"uavc-list-content\" id=\"list-icon-wrap-1575\">\n<div class=\"uavc-list-icon  \" data-animation=\"\" data-animation-delay=\"03\" style=\"margin-right:5px;\"><div class=\"ult-just-icon-wrapper  \"><div class=\"align-icon\" style=\"text-align:center;\">\n<div class=\"aio-icon-img \" style=\"font-size:20px;display:inline-block;\" >\n\t<img class=\"img-icon\" alt=\"null\" src=\"https:\/\/ipremaspasia.sp.gov.br\/wp-content\/uploads\/2021\/09\/o-icone-do-pdf-simbolo-do-formato-de-arquivo-liso-79378926.jpg\"\/>\n<\/div><\/div><\/div>\n<\/div><span  data-ultimate-target='#list-icon-wrap-1575 .uavc-list-desc'  data-responsive-json-new='{\"font-size\":\"\",\"line-height\":\"\"}'  class=\"uavc-list-desc ult-responsive\" style=\"\"><a href=\"http:\/\/ipremaspasia.sp.gov.br\/wp-content\/uploads\/2021\/09\/Avaliacao-Atuarial-2018.pdf\">Avalia\u00e7\u00e3o Atuarial 2018<\/a><\/span><\/div><\/li><\/ul><\/div>[\/vc_tta_section][vc_tta_section i_icon_fontawesome=&#8221;fas fa-cloud-download-alt&#8221; add_icon=&#8221;true&#8221; title=&#8221;2017&#8243; tab_id=&#8221;1631133675918-b7f97a53-a0dc&#8221;]<div class=\"uavc-list-icon uavc-list-icon-wrapper ult-adjust-bottom-margin   vc_custom_1623332431284  vc_custom_1623332431284\"><ul class=\"uavc-list\"><li><div class=\"uavc-list-content\" id=\"list-icon-wrap-3211\">\n<div class=\"uavc-list-icon  \" data-animation=\"\" data-animation-delay=\"03\" style=\"margin-right:5px;\"><div class=\"ult-just-icon-wrapper  \"><div class=\"align-icon\" style=\"text-align:center;\">\n<div class=\"aio-icon-img \" style=\"font-size:20px;display:inline-block;\" >\n\t<img class=\"img-icon\" alt=\"null\" src=\"https:\/\/ipremaspasia.sp.gov.br\/wp-content\/uploads\/2021\/09\/o-icone-do-pdf-simbolo-do-formato-de-arquivo-liso-79378926.jpg\"\/>\n<\/div><\/div><\/div>\n<\/div><span  data-ultimate-target='#list-icon-wrap-3211 .uavc-list-desc'  data-responsive-json-new='{\"font-size\":\"\",\"line-height\":\"\"}'  class=\"uavc-list-desc ult-responsive\" style=\"\"><a href=\"http:\/\/ipremaspasia.sp.gov.br\/wp-content\/uploads\/2021\/09\/Avaliacao-Atuarial-2017.pdf\">Avalia\u00e7\u00e3o Atuarial 2017<\/a><\/span><\/div><\/li><\/ul><\/div>[\/vc_tta_section][vc_tta_section i_icon_fontawesome=&#8221;fas fa-cloud-download-alt&#8221; add_icon=&#8221;true&#8221; title=&#8221;2016&#8243; tab_id=&#8221;1632329057061-cc659fdb-b5ba&#8221;]<div class=\"uavc-list-icon uavc-list-icon-wrapper ult-adjust-bottom-margin   vc_custom_1623332431284  vc_custom_1623332431284\"><ul class=\"uavc-list\"><li><div class=\"uavc-list-content\" id=\"list-icon-wrap-7569\">\n<div class=\"uavc-list-icon  \" data-animation=\"\" data-animation-delay=\"03\" style=\"margin-right:5px;\"><div class=\"ult-just-icon-wrapper  \"><div class=\"align-icon\" style=\"text-align:center;\">\n<div class=\"aio-icon-img \" style=\"font-size:20px;display:inline-block;\" >\n\t<img class=\"img-icon\" alt=\"null\" src=\"https:\/\/ipremaspasia.sp.gov.br\/wp-content\/uploads\/2021\/09\/o-icone-do-pdf-simbolo-do-formato-de-arquivo-liso-79378926.jpg\"\/>\n<\/div><\/div><\/div>\n<\/div><span  data-ultimate-target='#list-icon-wrap-7569 .uavc-list-desc'  data-responsive-json-new='{\"font-size\":\"\",\"line-height\":\"\"}'  class=\"uavc-list-desc ult-responsive\" style=\"\"><a href=\"http:\/\/ipremaspasia.sp.gov.br\/wp-content\/uploads\/2021\/09\/Avaliacao-Atuarial-2016.pdf\">Avalia\u00e7\u00e3o Atuarial 2016<\/a><\/span><\/div><\/li><\/ul><\/div>[\/vc_tta_section][\/vc_tta_tabs][\/vc_column][\/vc_row]<\/p>\n","protected":false},"excerpt":{"rendered":"<p>[vc_row][vc_column][vc_column_text]A ci\u00eancia atuarial \u00e9 a ci\u00eancia das t\u00e9cnicas espec\u00edficas de an\u00e1lise de riscos e expectativas, principalmente na administra\u00e7\u00e3o de seguros e fundos de pens\u00e3o. Esta ci\u00eancia aplica conhecimentos espec\u00edficos das matem\u00e1ticas estat\u00edstica e financeira.[\/vc_column_text][vc_tta_tabs][vc_tta_section i_icon_fontawesome=&#8221;fas fa-cloud-download-alt&#8221; add_icon=&#8221;true&#8221; title=&#8221;2025&#8243; tab_id=&#8221;1554814828143-c63e11bb-b1f2&#8243;][\/vc_tta_section][vc_tta_section i_icon_fontawesome=&#8221;fas fa-cloud-download-alt&#8221; add_icon=&#8221;true&#8221; title=&#8221;2024&#8243; tab_id=&#8221;1749490943452-8b5512ad-f159&#8243;][\/vc_tta_section][vc_tta_section i_icon_fontawesome=&#8221;fas fa-cloud-download-alt&#8221; add_icon=&#8221;true&#8221; title=&#8221;2023&#8243; tab_id=&#8221;1717528088744-2a9a267c-cfa3&#8243;][\/vc_tta_section][vc_tta_section i_icon_fontawesome=&#8221;fas fa-cloud-download-alt&#8221; add_icon=&#8221;true&#8221; title=&#8221;2022&#8243; tab_id=&#8221;1700826625090-0b42b93b-0cac&#8221;][\/vc_tta_section][vc_tta_section i_icon_fontawesome=&#8221;fas&hellip;<\/p>\n","protected":false},"author":1,"featured_media":0,"parent":0,"menu_order":0,"comment_status":"closed","ping_status":"closed","template":"","meta":{"_monsterinsights_skip_tracking":false,"_monsterinsights_sitenote_active":false,"_monsterinsights_sitenote_note":"","_monsterinsights_sitenote_category":0},"_links":{"self":[{"href":"https:\/\/ipremaspasia.sp.gov.br\/index.php\/wp-json\/wp\/v2\/pages\/2131"}],"collection":[{"href":"https:\/\/ipremaspasia.sp.gov.br\/index.php\/wp-json\/wp\/v2\/pages"}],"about":[{"href":"https:\/\/ipremaspasia.sp.gov.br\/index.php\/wp-json\/wp\/v2\/types\/page"}],"author":[{"embeddable":true,"href":"https:\/\/ipremaspasia.sp.gov.br\/index.php\/wp-json\/wp\/v2\/users\/1"}],"replies":[{"embeddable":true,"href":"https:\/\/ipremaspasia.sp.gov.br\/index.php\/wp-json\/wp\/v2\/comments?post=2131"}],"version-history":[{"count":11,"href":"https:\/\/ipremaspasia.sp.gov.br\/index.php\/wp-json\/wp\/v2\/pages\/2131\/revisions"}],"predecessor-version":[{"id":5419,"href":"https:\/\/ipremaspasia.sp.gov.br\/index.php\/wp-json\/wp\/v2\/pages\/2131\/revisions\/5419"}],"wp:attachment":[{"href":"https:\/\/ipremaspasia.sp.gov.br\/index.php\/wp-json\/wp\/v2\/media?parent=2131"}],"curies":[{"name":"wp","href":"https:\/\/api.w.org\/{rel}","templated":true}]}}