{"id":363,"date":"2021-06-15T09:51:22","date_gmt":"2021-06-15T09:51:22","guid":{"rendered":"https:\/\/the7.io\/beauty-studio\/?page_id=2"},"modified":"2021-10-14T13:48:00","modified_gmt":"2021-10-14T13:48:00","slug":"home-2","status":"publish","type":"page","link":"https:\/\/ipremaspasia.sp.gov.br\/","title":{"rendered":"Home"},"content":{"rendered":"<p>[vc_row bg_type=&#8221;bg_color&#8221; bg_override=&#8221;ex-full&#8221; type=&#8221;vc_default&#8221; bg_color_value=&#8221;#148ba9&#8243;][vc_column][vc_custom_heading text=&#8221;Servi\u00e7os em Destaque&#8221; font_container=&#8221;tag:h1|font_size:28|text_align:center|color:%23ffffff&#8221; google_fonts=&#8221;font_family:Open%20Sans%3A300%2C300italic%2Cregular%2Citalic%2C600%2C600italic%2C700%2C700italic%2C800%2C800italic|font_style:400%20regular%3A400%3Anormal&#8221; css_animation=&#8221;fadeInDown&#8221;][vc_empty_space][\/vc_column][\/vc_row][vc_row bg_type=&#8221;bg_color&#8221; bg_override=&#8221;ex-full&#8221; type=&#8221;vc_default&#8221; bg_color_value=&#8221;#148ba9&#8243;][vc_column width=&#8221;1\/4&#8243;]<div class=\"aio-icon-component  vc_custom_1634218152080  accent-icon-bg style_1\"><a class=\"aio-icon-box-link\" href=\"https:\/\/ipremaspasia.sp.gov.br\/index.php\/calculo-atuarial\/\" ><div id=\"Info-box-wrap-9500\" class=\"aio-icon-box left-icon\" style=\"\"  ><div class=\"aio-icon-left\"><div class=\"ult-just-icon-wrapper  \"><div class=\"align-icon\" style=\"text-align:center;\">\n<div class=\"aio-icon none \"  style=\"color:#ffffff;font-size:46px;display:inline-block;\">\n\t<i class=\"icomoon-icomoonfree-16x16-stats-dots\"><\/i>\n<\/div><\/div><\/div><\/div><div class=\"aio-ibd-block\"><div class=\"aio-icon-header\" ><h3 class=\"aio-icon-title ult-responsive\"  data-ultimate-target='#Info-box-wrap-9500 .aio-icon-title'  data-responsive-json-new='{\"font-size\":\"desktop:22px;\",\"line-height\":\"desktop:30px;\"}'  style=\"color:#ffffff;\">AVALIA\u00c7\u00c3O ATUARIAL<\/h3><\/div> <!-- header --><div class=\"aio-icon-description ult-responsive\"  data-ultimate-target='#Info-box-wrap-9500 .aio-icon-description'  data-responsive-json-new='{\"font-size\":\"desktop:11px;\",\"line-height\":\"\"}'  style=\"\"><span style=\"font-size: 10pt; color: #ffffff;\">Clique aqui para acessar.<\/span><\/div> <!-- description --><\/div> <!-- aio-ibd-block --><\/div> <!-- aio-icon-box --><\/a><\/div> <!-- aio-icon-component -->[\/vc_column][vc_column width=&#8221;1\/4&#8243;]<div class=\"aio-icon-component  vc_custom_1631196973285  accent-icon-bg style_1\"><a class=\"aio-icon-box-link\" href=\"https:\/\/ipremaspasia.sp.gov.br\/index.php\/politicas-de-investimentos\/\" ><div id=\"Info-box-wrap-5718\" class=\"aio-icon-box left-icon\" style=\"\"  ><div class=\"aio-icon-left\"><div class=\"ult-just-icon-wrapper  \"><div class=\"align-icon\" style=\"text-align:center;\">\n<div class=\"aio-icon none \"  style=\"color:#ffffff;font-size:46px;display:inline-block;\">\n\t<i class=\"fas fa-signature\"><\/i>\n<\/div><\/div><\/div><\/div><div class=\"aio-ibd-block\"><div class=\"aio-icon-header\" ><h3 class=\"aio-icon-title ult-responsive\"  data-ultimate-target='#Info-box-wrap-5718 .aio-icon-title'  data-responsive-json-new='{\"font-size\":\"desktop:22px;\",\"line-height\":\"desktop:30px;\"}'  style=\"color:#ffffff;\">INVESTIMENTO<\/h3><\/div> <!-- header --><div class=\"aio-icon-description ult-responsive\"  data-ultimate-target='#Info-box-wrap-5718 .aio-icon-description'  data-responsive-json-new='{\"font-size\":\"desktop:11px;\",\"line-height\":\"\"}'  style=\"\"><span style=\"font-size: 10pt; color: #ffffff;\">Clique aqui para acessar.<\/span><\/div> <!-- description --><\/div> <!-- aio-ibd-block --><\/div> <!-- aio-icon-box --><\/a><\/div> <!-- aio-icon-component -->[\/vc_column][vc_column width=&#8221;1\/4&#8243;]<div class=\"aio-icon-component  vc_custom_1631127813902  accent-icon-bg style_1\"><a class=\"aio-icon-box-link\" href=\"https:\/\/aspasia.dome.eti.br\/\" ><div id=\"Info-box-wrap-9088\" class=\"aio-icon-box left-icon\" style=\"\"  ><div class=\"aio-icon-left\"><div class=\"ult-just-icon-wrapper  \"><div class=\"align-icon\" style=\"text-align:center;\">\n<div class=\"aio-icon none \"  style=\"color:#ffffff;font-size:46px;display:inline-block;\">\n\t<i class=\"icomoon-icomoonfree-16x16-newspaper\"><\/i>\n<\/div><\/div><\/div><\/div><div class=\"aio-ibd-block\"><div class=\"aio-icon-header\" ><h3 class=\"aio-icon-title ult-responsive\"  data-ultimate-target='#Info-box-wrap-9088 .aio-icon-title'  data-responsive-json-new='{\"font-size\":\"desktop:22px;\",\"line-height\":\"desktop:30px;\"}'  style=\"color:#ffffff;\">DI\u00c1RIO OFICIAL<\/h3><\/div> <!-- header --><div class=\"aio-icon-description ult-responsive\"  data-ultimate-target='#Info-box-wrap-9088 .aio-icon-description'  data-responsive-json-new='{\"font-size\":\"desktop:11px;\",\"line-height\":\"\"}'  style=\"\"><span style=\"font-size: 10pt; color: #ffffff;\">Clique aqui para acessar.<\/span><\/div> <!-- description --><\/div> <!-- aio-ibd-block --><\/div> <!-- aio-icon-box --><\/a><\/div> <!-- aio-icon-component -->[\/vc_column][vc_column width=&#8221;1\/4&#8243;]<div class=\"aio-icon-component  vc_custom_1623261185326  accent-icon-bg style_1\"><div id=\"Info-box-wrap-6540\" class=\"aio-icon-box left-icon\" style=\"\"  ><div class=\"aio-icon-left\"><div class=\"ult-just-icon-wrapper  \"><div class=\"align-icon\" style=\"text-align:center;\">\n<div class=\"aio-icon none \"  style=\"color:#ffffff;font-size:46px;display:inline-block;\">\n\t<i class=\"icomoon-icomoonfree-16x16-bullhorn\"><\/i>\n<\/div><\/div><\/div><\/div><div class=\"aio-ibd-block\"><div class=\"aio-icon-header\" ><h3 class=\"aio-icon-title ult-responsive\"  data-ultimate-target='#Info-box-wrap-6540 .aio-icon-title'  data-responsive-json-new='{\"font-size\":\"desktop:22px;\",\"line-height\":\"desktop:30px;\"}'  style=\"color:#ffffff;\">OUVIDORIA<\/h3><\/div> <!-- header --><div class=\"aio-icon-description ult-responsive\"  data-ultimate-target='#Info-box-wrap-6540 .aio-icon-description'  data-responsive-json-new='{\"font-size\":\"desktop:11px;\",\"line-height\":\"\"}'  style=\"\"><span style=\"font-size: 10pt; color: #ffffff;\">Clique aqui para acessar.<\/span><\/div> <!-- description --><\/div> <!-- aio-ibd-block --><\/div> <!-- aio-icon-box --><\/div> <!-- aio-icon-component -->[\/vc_column][\/vc_row][vc_row bg_type=&#8221;bg_color&#8221; bg_override=&#8221;ex-full&#8221; type=&#8221;vc_default&#8221; bg_color_value=&#8221;#148ba9&#8243;][vc_column width=&#8221;1\/4&#8243;]<div class=\"aio-icon-component  vc_custom_1631197069153  accent-icon-bg style_1\"><a class=\"aio-icon-box-link\" href=\"https:\/\/ipremaspasia.sp.gov.br\/index.php\/conselhos\/\" title=\"Conselhos\" ><div id=\"Info-box-wrap-1936\" class=\"aio-icon-box left-icon\" style=\"\"  ><div class=\"aio-icon-left\"><div class=\"ult-just-icon-wrapper  \"><div class=\"align-icon\" style=\"text-align:center;\">\n<div class=\"aio-icon none \"  style=\"color:#ffffff;font-size:46px;display:inline-block;\">\n\t<i class=\"icomoon-icomoonfree-16x16-users\"><\/i>\n<\/div><\/div><\/div><\/div><div class=\"aio-ibd-block\"><div class=\"aio-icon-header\" ><h3 class=\"aio-icon-title ult-responsive\"  data-ultimate-target='#Info-box-wrap-1936 .aio-icon-title'  data-responsive-json-new='{\"font-size\":\"desktop:22px;\",\"line-height\":\"desktop:30px;\"}'  style=\"color:#ffffff;\">CONSELHOS<\/h3><\/div> <!-- header --><div class=\"aio-icon-description ult-responsive\"  data-ultimate-target='#Info-box-wrap-1936 .aio-icon-description'  data-responsive-json-new='{\"font-size\":\"desktop:11px;\",\"line-height\":\"\"}'  style=\"\"><span style=\"font-size: 10pt; color: #ffffff;\">Clique aqui para acessar.<\/span><\/div> <!-- description --><\/div> <!-- aio-ibd-block --><\/div> <!-- aio-icon-box --><\/a><\/div> <!-- aio-icon-component -->[\/vc_column][vc_column width=&#8221;1\/4&#8243;]<div class=\"aio-icon-component  vc_custom_1631197161959  accent-icon-bg style_1\"><a class=\"aio-icon-box-link\" href=\"https:\/\/ipremaspasia.sp.gov.br\/index.php\/legislacao\/\" ><div id=\"Info-box-wrap-7457\" class=\"aio-icon-box left-icon\" style=\"\"  ><div class=\"aio-icon-left\"><div class=\"ult-just-icon-wrapper  \"><div class=\"align-icon\" style=\"text-align:center;\">\n<div class=\"aio-icon none \"  style=\"color:#ffffff;font-size:46px;display:inline-block;\">\n\t<i class=\"icomoon-icomoonfree-16x16-hammer2\"><\/i>\n<\/div><\/div><\/div><\/div><div class=\"aio-ibd-block\"><div class=\"aio-icon-header\" ><h3 class=\"aio-icon-title ult-responsive\"  data-ultimate-target='#Info-box-wrap-7457 .aio-icon-title'  data-responsive-json-new='{\"font-size\":\"desktop:22px;\",\"line-height\":\"desktop:30px;\"}'  style=\"color:#ffffff;\">LEGISLA\u00c7\u00c3O<\/h3><\/div> <!-- header --><div class=\"aio-icon-description ult-responsive\"  data-ultimate-target='#Info-box-wrap-7457 .aio-icon-description'  data-responsive-json-new='{\"font-size\":\"desktop:11px;\",\"line-height\":\"\"}'  style=\"\"><span style=\"font-size: 10pt; color: #ffffff;\">Clique aqui para acessar.<\/span><\/div> <!-- description --><\/div> <!-- aio-ibd-block --><\/div> <!-- aio-icon-box --><\/a><\/div> <!-- aio-icon-component -->[\/vc_column][vc_column width=&#8221;1\/4&#8243;]<div class=\"aio-icon-component  vc_custom_1631127850649  accent-icon-bg style_1\"><a class=\"aio-icon-box-link\" href=\"https:\/\/ipremaspasia.sp.gov.br\/publicacoes\/\" ><div id=\"Info-box-wrap-7025\" class=\"aio-icon-box left-icon\" style=\"\"  ><div class=\"aio-icon-left\"><div class=\"ult-just-icon-wrapper  \"><div class=\"align-icon\" style=\"text-align:center;\">\n<div class=\"aio-icon none \"  style=\"color:#ffffff;font-size:46px;display:inline-block;\">\n\t<i class=\"icomoon-icomoonfree-16x16-books\"><\/i>\n<\/div><\/div><\/div><\/div><div class=\"aio-ibd-block\"><div class=\"aio-icon-header\" ><h3 class=\"aio-icon-title ult-responsive\"  data-ultimate-target='#Info-box-wrap-7025 .aio-icon-title'  data-responsive-json-new='{\"font-size\":\"desktop:22px;\",\"line-height\":\"desktop:30px;\"}'  style=\"color:#ffffff;\">PUBLICA\u00c7\u00d5ES<\/h3><\/div> <!-- header --><div class=\"aio-icon-description ult-responsive\"  data-ultimate-target='#Info-box-wrap-7025 .aio-icon-description'  data-responsive-json-new='{\"font-size\":\"desktop:11px;\",\"line-height\":\"\"}'  style=\"\"><span style=\"font-size: 10pt; color: #ffffff;\">Clique aqui para acessar.<\/span><\/div> <!-- description --><\/div> <!-- aio-ibd-block --><\/div> <!-- aio-icon-box --><\/a><\/div> <!-- aio-icon-component -->[\/vc_column][vc_column width=&#8221;1\/4&#8243;]<div class=\"aio-icon-component  vc_custom_1631197210190  accent-icon-bg style_1\"><a class=\"aio-icon-box-link\" href=\"https:\/\/ipremaspasia.sp.gov.br\/index.php\/contato\/\" ><div id=\"Info-box-wrap-1907\" class=\"aio-icon-box left-icon\" style=\"\"  ><div class=\"aio-icon-left\"><div class=\"ult-just-icon-wrapper  \"><div class=\"align-icon\" style=\"text-align:center;\">\n<div class=\"aio-icon none \"  style=\"color:#ffffff;font-size:46px;display:inline-block;\">\n\t<i class=\"icomoon-the7-font-the7-phone-06\"><\/i>\n<\/div><\/div><\/div><\/div><div class=\"aio-ibd-block\"><div class=\"aio-icon-header\" ><h3 class=\"aio-icon-title ult-responsive\"  data-ultimate-target='#Info-box-wrap-1907 .aio-icon-title'  data-responsive-json-new='{\"font-size\":\"desktop:22px;\",\"line-height\":\"desktop:30px;\"}'  style=\"color:#ffffff;\">FALE CONOSCO<\/h3><\/div> <!-- header --><div class=\"aio-icon-description ult-responsive\"  data-ultimate-target='#Info-box-wrap-1907 .aio-icon-description'  data-responsive-json-new='{\"font-size\":\"desktop:11px;\",\"line-height\":\"\"}'  style=\"\"><span style=\"font-size: 10pt; color: #ffffff;\">Clique aqui para acessar.<\/span><\/div> <!-- description --><\/div> <!-- aio-ibd-block --><\/div> <!-- aio-icon-box --><\/a><\/div> <!-- aio-icon-component -->[\/vc_column][\/vc_row][vc_row full_width=&#8221;stretch_row_content_no_spaces&#8221; full_height=&#8221;yes&#8221; columns_placement=&#8221;top&#8221; equal_height=&#8221;yes&#8221; content_placement=&#8221;top&#8221; type=&#8221;vc_default&#8221; margin_top=&#8221;-6&#8243; margin_bottom=&#8221;24&#8243;][vc_column width=&#8221;2\/3&#8243; css=&#8221;.vc_custom_1623267296432{margin-left: 100px !important;}&#8221;][vc_empty_space][vc_custom_heading text=&#8221;O que \u00e9 o RPPS?&#8221; font_container=&#8221;tag:h1|font_size:28|text_align:right|color:%231f365c&#8221; google_fonts=&#8221;font_family:Open%20Sans%3A300%2C300italic%2Cregular%2Citalic%2C600%2C600italic%2C700%2C700italic%2C800%2C800italic|font_style:700%20bold%20regular%3A700%3Anormal&#8221; css_animation=&#8221;fadeInDown&#8221;][vc_empty_space][vc_column_text css_animation=&#8221;fadeInDown&#8221; css=&#8221;.vc_custom_1623269842325{margin-left: 100px !important;}&#8221;]<\/p>\n<p style=\"text-align: right;\"><span style=\"font-size: 16pt; color: #1f365c;\">O Regime Pr\u00f3prio de Previd\u00eancia Social (RPPS) \u00e9 respons\u00e1vel pelo pagamento da aposentadoria e demais benef\u00edcios aos servidores p\u00fablicos. Para ter direito ao benef\u00edcio, o trabalhador dever\u00e1 pagar uma contribui\u00e7\u00e3o mensal durante um determinado per\u00edodo ao RPPS, variando de acordo com o tipo de aposentadoria.<\/span><\/p>\n<p>[\/vc_column_text][vc_row_inner css=&#8221;.vc_custom_1623269299314{margin-top: 120px !important;}&#8221;][vc_column_inner width=&#8221;1\/3&#8243;]<div class=\"aio-icon-component  vc_custom_1634219276693   style_1\"><a class=\"aio-icon-box-link\" href=\"https:\/\/ipremaspasia.sp.gov.br\/index.php\/pericia\/\" title=\"Pericia\" ><div id=\"Info-box-wrap-4393\" class=\"aio-icon-box top-icon\" style=\"\"  ><div class=\"aio-icon-top\"><div class=\"ult-just-icon-wrapper  \"><div class=\"align-icon\" style=\"text-align:center;\">\n<div class=\"aio-icon none \" data-animation=\"fadeInDown\" data-animation-delay=\"03\" style=\"color:#1f365c;font-size:42px;display:inline-block;\">\n\t<i class=\"fas fa-ambulance\"><\/i>\n<\/div><\/div><\/div><\/div><div class=\"aio-icon-header\" ><h3 class=\"aio-icon-title ult-responsive\"  data-ultimate-target='#Info-box-wrap-4393 .aio-icon-title'  data-responsive-json-new='{\"font-size\":\"desktop:20px;\",\"line-height\":\"desktop:30px;\"}'  style=\"\">Pericia Medica<\/h3><\/div> <!-- header --><div class=\"aio-icon-description ult-responsive\"  data-ultimate-target='#Info-box-wrap-4393 .aio-icon-description'  data-responsive-json-new='{\"font-size\":\"\",\"line-height\":\"desktop:0px;\"}'  style=\"\"><span style=\"font-size: 10pt;\"><em><span style=\"color: #000000;\">Agende sua per\u00edcia clicando aqui!<\/span><\/em><\/span><\/div> <!-- description --><\/div> <!-- aio-icon-box --><\/a><\/div> <!-- aio-icon-component -->[\/vc_column_inner][vc_column_inner width=&#8221;1\/3&#8243;]<div class=\"aio-icon-component  vc_custom_1631127878889   style_1\"><a class=\"aio-icon-box-link\" href=\"https:\/\/ipremaspasia.sp.gov.br\/extrato-de-contribuicao\/\" title=\"Extrato de Contribui\u00e7\u00e3o\" ><div id=\"Info-box-wrap-6840\" class=\"aio-icon-box top-icon\" style=\"\"  ><div class=\"aio-icon-top\"><div class=\"ult-just-icon-wrapper  \"><div class=\"align-icon\" style=\"text-align:center;\">\n<div class=\"aio-icon none \" data-animation=\"fadeInDown\" data-animation-delay=\"03\" style=\"color:#1f365c;font-size:42px;display:inline-block;\">\n\t<i class=\"icomoon-icomoonfree-16x16-hour-glass\"><\/i>\n<\/div><\/div><\/div><\/div><div class=\"aio-icon-header\" ><h3 class=\"aio-icon-title ult-responsive\"  data-ultimate-target='#Info-box-wrap-6840 .aio-icon-title'  data-responsive-json-new='{\"font-size\":\"desktop:20px;\",\"line-height\":\"desktop:30px;\"}'  style=\"\">Extrato de Contribui\u00e7\u00e3o<\/h3><\/div> <!-- header --><div class=\"aio-icon-description ult-responsive\"  data-ultimate-target='#Info-box-wrap-6840 .aio-icon-description'  data-responsive-json-new='{\"font-size\":\"\",\"line-height\":\"desktop:0px;\"}'  style=\"\"><span style=\"font-size: 10pt;\"><em><span style=\"color: #000000;\">Solicite seu extrato clicando aqui!<\/span><\/em><\/span><\/div> <!-- description --><\/div> <!-- aio-icon-box --><\/a><\/div> <!-- aio-icon-component -->[\/vc_column_inner][vc_column_inner width=&#8221;1\/3&#8243;]<div class=\"aio-icon-component  vc_custom_1631127887159   style_1\"><a class=\"aio-icon-box-link\" href=\"https:\/\/ipremaspasia.sp.gov.br\/simulacao\/\" ><div id=\"Info-box-wrap-7977\" class=\"aio-icon-box top-icon\" style=\"\"  ><div class=\"aio-icon-top\"><div class=\"ult-just-icon-wrapper  \"><div class=\"align-icon\" style=\"text-align:center;\">\n<div class=\"aio-icon none \" data-animation=\"fadeInDown\" data-animation-delay=\"03\" style=\"color:#1f365c;font-size:42px;display:inline-block;\">\n\t<i class=\"fas fa-business-time\"><\/i>\n<\/div><\/div><\/div><\/div><div class=\"aio-icon-header\" ><h3 class=\"aio-icon-title ult-responsive\"  data-ultimate-target='#Info-box-wrap-7977 .aio-icon-title'  data-responsive-json-new='{\"font-size\":\"desktop:20px;\",\"line-height\":\"desktop:30px;\"}'  style=\"\">Simula\u00e7\u00e3o de Aposentadoria<\/h3><\/div> <!-- header --><div class=\"aio-icon-description ult-responsive\"  data-ultimate-target='#Info-box-wrap-7977 .aio-icon-description'  data-responsive-json-new='{\"font-size\":\"\",\"line-height\":\"desktop:0px;\"}'  style=\"\"><span style=\"font-size: 10pt;\"><em><span style=\"color: #000000;\">Solicite sua simula\u00e7\u00e3o clicando aqui!<\/span><\/em><\/span><\/div> <!-- description --><\/div> <!-- aio-icon-box --><\/a><\/div> <!-- aio-icon-component -->[\/vc_column_inner][\/vc_row_inner][\/vc_column][vc_column width=&#8221;1\/3&#8243;][vc_single_image image=&#8221;3835&#8243; img_size=&#8221;full&#8221; alignment=&#8221;right&#8221; css_animation=&#8221;fadeInRight&#8221; image_hovers=&#8221;false&#8221; lazy_loading=&#8221;true&#8221; css=&#8221;.vc_custom_1623266168290{margin-top: -50px !important;border-top-width: -50px !important;}&#8221;][\/vc_column][\/vc_row]<\/p>\n","protected":false},"excerpt":{"rendered":"<p>[vc_row bg_type=&#8221;bg_color&#8221; bg_override=&#8221;ex-full&#8221; type=&#8221;vc_default&#8221; bg_color_value=&#8221;#148ba9&#8243;][vc_column][vc_custom_heading text=&#8221;Servi\u00e7os em Destaque&#8221; font_container=&#8221;tag:h1|font_size:28|text_align:center|color:%23ffffff&#8221; google_fonts=&#8221;font_family:Open%20Sans%3A300%2C300italic%2Cregular%2Citalic%2C600%2C600italic%2C700%2C700italic%2C800%2C800italic|font_style:400%20regular%3A400%3Anormal&#8221; css_animation=&#8221;fadeInDown&#8221;][vc_empty_space][\/vc_column][\/vc_row][vc_row bg_type=&#8221;bg_color&#8221; bg_override=&#8221;ex-full&#8221; type=&#8221;vc_default&#8221; bg_color_value=&#8221;#148ba9&#8243;][vc_column width=&#8221;1\/4&#8243;][\/vc_column][vc_column width=&#8221;1\/4&#8243;][\/vc_column][vc_column width=&#8221;1\/4&#8243;][\/vc_column][vc_column width=&#8221;1\/4&#8243;][\/vc_column][\/vc_row][vc_row bg_type=&#8221;bg_color&#8221; bg_override=&#8221;ex-full&#8221; type=&#8221;vc_default&#8221; bg_color_value=&#8221;#148ba9&#8243;][vc_column width=&#8221;1\/4&#8243;][\/vc_column][vc_column width=&#8221;1\/4&#8243;][\/vc_column][vc_column width=&#8221;1\/4&#8243;][\/vc_column][vc_column width=&#8221;1\/4&#8243;][\/vc_column][\/vc_row][vc_row full_width=&#8221;stretch_row_content_no_spaces&#8221; full_height=&#8221;yes&#8221; columns_placement=&#8221;top&#8221; equal_height=&#8221;yes&#8221; content_placement=&#8221;top&#8221; type=&#8221;vc_default&#8221; margin_top=&#8221;-6&#8243; margin_bottom=&#8221;24&#8243;][vc_column width=&#8221;2\/3&#8243; css=&#8221;.vc_custom_1623267296432{margin-left: 100px !important;}&#8221;][vc_empty_space][vc_custom_heading text=&#8221;O que \u00e9 o RPPS?&#8221; font_container=&#8221;tag:h1|font_size:28|text_align:right|color:%231f365c&#8221; google_fonts=&#8221;font_family:Open%20Sans%3A300%2C300italic%2Cregular%2Citalic%2C600%2C600italic%2C700%2C700italic%2C800%2C800italic|font_style:700%20bold%20regular%3A700%3Anormal&#8221; css_animation=&#8221;fadeInDown&#8221;][vc_empty_space][vc_column_text css_animation=&#8221;fadeInDown&#8221; css=&#8221;.vc_custom_1623269842325{margin-left: 100px !important;}&#8221;] O Regime Pr\u00f3prio de&hellip;<\/p>\n","protected":false},"author":2,"featured_media":0,"parent":0,"menu_order":0,"comment_status":"closed","ping_status":"closed","template":"","meta":{"_monsterinsights_skip_tracking":false,"_monsterinsights_sitenote_active":false,"_monsterinsights_sitenote_note":"","_monsterinsights_sitenote_category":0},"_links":{"self":[{"href":"https:\/\/ipremaspasia.sp.gov.br\/index.php\/wp-json\/wp\/v2\/pages\/363"}],"collection":[{"href":"https:\/\/ipremaspasia.sp.gov.br\/index.php\/wp-json\/wp\/v2\/pages"}],"about":[{"href":"https:\/\/ipremaspasia.sp.gov.br\/index.php\/wp-json\/wp\/v2\/types\/page"}],"author":[{"embeddable":true,"href":"https:\/\/ipremaspasia.sp.gov.br\/index.php\/wp-json\/wp\/v2\/users\/2"}],"replies":[{"embeddable":true,"href":"https:\/\/ipremaspasia.sp.gov.br\/index.php\/wp-json\/wp\/v2\/comments?post=363"}],"version-history":[{"count":14,"href":"https:\/\/ipremaspasia.sp.gov.br\/index.php\/wp-json\/wp\/v2\/pages\/363\/revisions"}],"predecessor-version":[{"id":4493,"href":"https:\/\/ipremaspasia.sp.gov.br\/index.php\/wp-json\/wp\/v2\/pages\/363\/revisions\/4493"}],"wp:attachment":[{"href":"https:\/\/ipremaspasia.sp.gov.br\/index.php\/wp-json\/wp\/v2\/media?parent=363"}],"curies":[{"name":"wp","href":"https:\/\/api.w.org\/{rel}","templated":true}]}}