{"id":3958,"date":"2021-06-10T17:50:06","date_gmt":"2021-06-10T17:50:06","guid":{"rendered":"https:\/\/ipremsaojoaodeiracema.sp.gov.br\/?page_id=3958"},"modified":"2021-11-19T16:58:26","modified_gmt":"2021-11-19T16:58:26","slug":"conselhos","status":"publish","type":"page","link":"https:\/\/ipremaspasia.sp.gov.br\/index.php\/conselhos\/","title":{"rendered":"INVESTIMENTOS"},"content":{"rendered":"<p>[vc_row][vc_column][vc_tta_tabs][vc_tta_section i_icon_fontawesome=&#8221;fas fa-briefcase&#8221; add_icon=&#8221;true&#8221; title=&#8221;Atas de Investimentos&#8221; tab_id=&#8221;1623347265681-de1d874a-861f&#8221;]<div class=\"uavc-list-icon uavc-list-icon-wrapper ult-adjust-bottom-margin   \"><ul class=\"uavc-list\"><li><div class=\"uavc-list-content\" id=\"list-icon-wrap-7307\"><span  data-ultimate-target='#list-icon-wrap-7307 .uavc-list-desc'  data-responsive-json-new='{\"font-size\":\"\",\"line-height\":\"\"}'  class=\"uavc-list-desc ult-responsive\" style=\"\"><a href=\"https:\/\/ipremaspasia.sp.gov.br\/index.php\/atasdeinvestimentos\/\">Confira as atas de investimentos que o IPREM disponibiliza pra que voc\u00ea possa fiscalizar sempre as nossas atividades.<\/a><\/span><\/div><\/li><\/ul><\/div>[\/vc_tta_section][vc_tta_section i_icon_fontawesome=&#8221;fas fa-user-shield&#8221; add_icon=&#8221;true&#8221; title=&#8221;Politica de Investimentos&#8221; tab_id=&#8221;1623347265690-33b521e1-e264&#8243;]<div class=\"uavc-list-icon uavc-list-icon-wrapper ult-adjust-bottom-margin   \"><ul class=\"uavc-list\"><li><div class=\"uavc-list-content\" id=\"list-icon-wrap-2234\"><span  data-ultimate-target='#list-icon-wrap-2234 .uavc-list-desc'  data-responsive-json-new='{\"font-size\":\"\",\"line-height\":\"\"}'  class=\"uavc-list-desc ult-responsive\" style=\"\"><a href=\"https:\/\/ipremaspasia.sp.gov.br\/index.php\/politica-de-investimentos-2\/\">A\u00a0<b>Pol\u00edtica de Investimentos<\/b>\u00a0guia o processo de\u00a0<b>investimento<\/b>, ajudando o investidor a entender suas necessidades individuais, e aumentando a probabilidade de decis\u00f5es adequadas ao seu perfil de investidor.<\/a><\/span><\/div><\/li><\/ul><\/div>[\/vc_tta_section][vc_tta_section i_icon_fontawesome=&#8221;fas fa-chart-area&#8221; add_icon=&#8221;true&#8221; title=&#8221;Relat\u00f3rio dos Investimentos&#8221; tab_id=&#8221;1623347352830-a64b0178-3e87&#8243;]<div class=\"uavc-list-icon uavc-list-icon-wrapper ult-adjust-bottom-margin   \"><ul class=\"uavc-list\"><li><div class=\"uavc-list-content\" id=\"list-icon-wrap-2072\"><span  data-ultimate-target='#list-icon-wrap-2072 .uavc-list-desc'  data-responsive-json-new='{\"font-size\":\"\",\"line-height\":\"\"}'  class=\"uavc-list-desc ult-responsive\" style=\"\"><a href=\"https:\/\/ipremaspasia.sp.gov.br\/index.php\/relatorio-dos-investimentos\/\">Para\u00a0<b>elaborar<\/b>\u00a0seu\u00a0<b>Relat\u00f3rio<\/b>\u00a0de Retorno de\u00a0<b>Investimento<\/b>, tenha certeza de que tem acesso a todos os n\u00fameros de que precisa. Em seguida, defina o p\u00fablico de seu\u00a0<b>relat\u00f3rio<\/b>, seus objetivos, m\u00e9tricas, periodicidade, fa\u00e7a os devidos c\u00e1lculos e, por fim e mais importante, as an\u00e1lises<\/a><\/span><\/div><\/li><\/ul><\/div>[\/vc_tta_section][\/vc_tta_tabs][\/vc_column][\/vc_row]<\/p>\n","protected":false},"excerpt":{"rendered":"<p>[vc_row][vc_column][vc_tta_tabs][vc_tta_section i_icon_fontawesome=&#8221;fas fa-briefcase&#8221; add_icon=&#8221;true&#8221; title=&#8221;Atas de Investimentos&#8221; tab_id=&#8221;1623347265681-de1d874a-861f&#8221;][\/vc_tta_section][vc_tta_section i_icon_fontawesome=&#8221;fas fa-user-shield&#8221; add_icon=&#8221;true&#8221; title=&#8221;Politica de Investimentos&#8221; tab_id=&#8221;1623347265690-33b521e1-e264&#8243;][\/vc_tta_section][vc_tta_section i_icon_fontawesome=&#8221;fas fa-chart-area&#8221; add_icon=&#8221;true&#8221; title=&#8221;Relat\u00f3rio dos Investimentos&#8221; tab_id=&#8221;1623347352830-a64b0178-3e87&#8243;][\/vc_tta_section][\/vc_tta_tabs][\/vc_column][\/vc_row]<\/p>\n","protected":false},"author":2,"featured_media":0,"parent":0,"menu_order":0,"comment_status":"closed","ping_status":"closed","template":"","meta":{"_monsterinsights_skip_tracking":false,"_monsterinsights_sitenote_active":false,"_monsterinsights_sitenote_note":"","_monsterinsights_sitenote_category":0},"_links":{"self":[{"href":"https:\/\/ipremaspasia.sp.gov.br\/index.php\/wp-json\/wp\/v2\/pages\/3958"}],"collection":[{"href":"https:\/\/ipremaspasia.sp.gov.br\/index.php\/wp-json\/wp\/v2\/pages"}],"about":[{"href":"https:\/\/ipremaspasia.sp.gov.br\/index.php\/wp-json\/wp\/v2\/types\/page"}],"author":[{"embeddable":true,"href":"https:\/\/ipremaspasia.sp.gov.br\/index.php\/wp-json\/wp\/v2\/users\/2"}],"replies":[{"embeddable":true,"href":"https:\/\/ipremaspasia.sp.gov.br\/index.php\/wp-json\/wp\/v2\/comments?post=3958"}],"version-history":[{"count":13,"href":"https:\/\/ipremaspasia.sp.gov.br\/index.php\/wp-json\/wp\/v2\/pages\/3958\/revisions"}],"predecessor-version":[{"id":4618,"href":"https:\/\/ipremaspasia.sp.gov.br\/index.php\/wp-json\/wp\/v2\/pages\/3958\/revisions\/4618"}],"wp:attachment":[{"href":"https:\/\/ipremaspasia.sp.gov.br\/index.php\/wp-json\/wp\/v2\/media?parent=3958"}],"curies":[{"name":"wp","href":"https:\/\/api.w.org\/{rel}","templated":true}]}}