{"id":4096,"date":"2021-09-08T23:11:02","date_gmt":"2021-09-08T23:11:02","guid":{"rendered":"https:\/\/ipremaspasia.sp.gov.br\/?page_id=4096"},"modified":"2025-03-14T12:15:35","modified_gmt":"2025-03-14T12:15:35","slug":"decretos","status":"publish","type":"page","link":"https:\/\/ipremaspasia.sp.gov.br\/index.php\/decretos\/","title":{"rendered":"Decretos"},"content":{"rendered":"<p>[vc_row][vc_column][vc_column_text]Um\u00a0<b>decreto<\/b>\u00a0\u00e9 usualmente utilizado pelo chefe do poder executivo para fazer nomea\u00e7\u00f5es e regulamenta\u00e7\u00f5es de leis (como para lhes dar cumprimento efetivo, por exemplo), entre outras coisas.[\/vc_column_text][vc_tta_tabs][vc_tta_section i_icon_fontawesome=&#8221;fas fa-cloud-download-alt&#8221; add_icon=&#8221;true&#8221; title=&#8221;Decretos&#8221; tab_id=&#8221;1554814828143-c63e11bb-b1f2&#8243;]<div class=\"uavc-list-icon uavc-list-icon-wrapper ult-adjust-bottom-margin   vc_custom_1623332436194  vc_custom_1623332436194\"><ul class=\"uavc-list\"><li><div class=\"uavc-list-content\" id=\"list-icon-wrap-4119\">\n<div class=\"uavc-list-icon  \" data-animation=\"\" data-animation-delay=\"03\" style=\"margin-right:5px;\"><div class=\"ult-just-icon-wrapper  \"><div class=\"align-icon\" style=\"text-align:center;\">\n<div class=\"aio-icon-img \" style=\"font-size:20px;display:inline-block;\" >\n\t<img class=\"img-icon\" alt=\"null\" src=\"https:\/\/ipremaspasia.sp.gov.br\/wp-content\/uploads\/2021\/09\/o-icone-do-pdf-simbolo-do-formato-de-arquivo-liso-79378926.jpg\"\/>\n<\/div><\/div><\/div>\n<\/div><span  data-ultimate-target='#list-icon-wrap-4119 .uavc-list-desc'  data-responsive-json-new='{\"font-size\":\"\",\"line-height\":\"\"}'  class=\"uavc-list-desc ult-responsive\" style=\"\"><a href=\"http:\/\/ipremaspasia.sp.gov.br\/wp-content\/uploads\/2023\/02\/DECLETO-1.358-CONSELHO-ADMINISTRATIVO.pdf\">DECLETO 1.358 &#8211; CONSELHO ADMINISTRATIVO<\/a><\/p>\n<p><a href=\"http:\/\/ipremaspasia.sp.gov.br\/wp-content\/uploads\/2023\/02\/DECRETO-1.359-CONSELHO-FISCAL.pdf\">DECRETO 1.359 &#8211; CONSELHO FISCAL<\/a><\/p>\n<p><a href=\"http:\/\/ipremaspasia.sp.gov.br\/wp-content\/uploads\/2023\/02\/DECRETO-1.360-COMITE-DE-INVESTIMENTO.pdf\">DECRETO 1.360 &#8211; COMIT\u00ca DE INVESTIMENTO<\/a><\/p>\n<p><a href=\"http:\/\/ipremaspasia.sp.gov.br\/wp-content\/uploads\/2023\/02\/DECRETO-1.361-GESTOR-FINANCEIRO.pdf\">DECRETO 1.361 &#8211; GESTOR FINANCEIRO<\/a><\/p>\n<p><a href=\"http:\/\/ipremaspasia.sp.gov.br\/wp-content\/uploads\/2023\/02\/DECRETO-1.486-COMITE-DE-INVESTIMENTO-2022-1.pdf\">DECRETO 1.486 &#8211; COMIT\u00ca DE INVESTIMENTO 2022<\/a><\/p>\n<p><a href=\"http:\/\/ipremaspasia.sp.gov.br\/wp-content\/uploads\/2023\/11\/1.607-2023-SUPLEMENTACAO-DO-ORCAMENTO.pdf\">1.607-2023 SUPLEMENTA\u00c7\u00c3O DO OR\u00c7AMENTO<\/a><a href=\"http:\/\/ipremaspasia.sp.gov.br\/wp-content\/uploads\/2023\/02\/TERMO-DE-POSSE-DA-PRESIDENCIA.pdf\">TERMO DE POSSE DA PRESID\u00caNCIA<\/a><\/p>\n<p><a href=\"http:\/\/ipremaspasia.sp.gov.br\/wp-content\/uploads\/2023\/11\/DECRETO-1.609-COMITE-DE-INVESTIMENTO-2023.pdf\">DECRETO 1.609 &#8211; COMITE DE INVESTIMENTO 2023<\/a><\/p>\n<p><a href=\"http:\/\/ipremaspasia.sp.gov.br\/wp-content\/uploads\/2024\/05\/DECRETO-1.631-COMITE-DE-INVESTIMENTO-2024.pdf\">DECRETO 1.631 COMITE DE INVESTIMENTO 2024<\/a><\/p>\n<p><a href=\"http:\/\/ipremaspasia.sp.gov.br\/wp-content\/uploads\/2024\/05\/DECRETO-1.593-CONSELHO-ADMINISTRATIVO-2023.pdf\">DECRETO 1.593- CONSELHO ADMINISTRATIVO 2023<\/a><\/p>\n<p><a href=\"http:\/\/ipremaspasia.sp.gov.br\/wp-content\/uploads\/2024\/05\/DECRETO-1.639-DE-05-DE-ABRIL-DE-2024.pdf\">DECRETO 1.639, DE 05 DE ABRIL DE 2024<\/a><\/p>\n<p><a href=\"http:\/\/ipremaspasia.sp.gov.br\/wp-content\/uploads\/2024\/06\/DECRETO-1.636-CONSELHO-ADMINISTRATIVO-2024.pdf\">DECRETO 1.636 &#8211; CONSELHO ADMINISTRATIVO 2024<\/a><\/p>\n<p><a href=\"http:\/\/ipremaspasia.sp.gov.br\/wp-content\/uploads\/2025\/03\/DECRETO-1.686-2025-CONSELHO-FISCAL.pdf\">DECRETO 1.686 2025 &#8211; CONSELHO FISCAL<\/a><\/p>\n<p><a href=\"http:\/\/ipremaspasia.sp.gov.br\/wp-content\/uploads\/2025\/03\/DECRETO-1.687-2025-GESTOR-FINANCEIRO.pdf\">DECRETO 1.687 2025 &#8211; GESTOR FINANCEIRO<\/a><\/p>\n<p><a href=\"http:\/\/ipremaspasia.sp.gov.br\/wp-content\/uploads\/2025\/03\/DECRETO-1.688-2025-COMITE-DE-INVESTIMENTO.pdf\">DECRETO 1.688 2025 &#8211; COMIT\u00ca DE INVESTIMENTO<\/a><\/p>\n<p><a href=\"http:\/\/ipremaspasia.sp.gov.br\/wp-content\/uploads\/2025\/03\/DECRETO-1.689-2025-CONSELHO-ADMINISTRATIVO.pdf\">DECRETO 1.689 2025 &#8211; CONSELHO ADMINISTRATIVO<\/a><\/span><\/div><\/li><\/ul><\/div>[\/vc_tta_section][\/vc_tta_tabs][\/vc_column][\/vc_row]<\/p>\n","protected":false},"excerpt":{"rendered":"<p>[vc_row][vc_column][vc_column_text]Um\u00a0decreto\u00a0\u00e9 usualmente utilizado pelo chefe do poder executivo para fazer nomea\u00e7\u00f5es e regulamenta\u00e7\u00f5es de leis (como para lhes dar cumprimento efetivo, por exemplo), entre outras coisas.[\/vc_column_text][vc_tta_tabs][vc_tta_section i_icon_fontawesome=&#8221;fas fa-cloud-download-alt&#8221; add_icon=&#8221;true&#8221; title=&#8221;Decretos&#8221; tab_id=&#8221;1554814828143-c63e11bb-b1f2&#8243;][\/vc_tta_section][\/vc_tta_tabs][\/vc_column][\/vc_row]<\/p>\n","protected":false},"author":3,"featured_media":0,"parent":0,"menu_order":0,"comment_status":"closed","ping_status":"closed","template":"","meta":{"_monsterinsights_skip_tracking":false,"_monsterinsights_sitenote_active":false,"_monsterinsights_sitenote_note":"","_monsterinsights_sitenote_category":0},"_links":{"self":[{"href":"https:\/\/ipremaspasia.sp.gov.br\/index.php\/wp-json\/wp\/v2\/pages\/4096"}],"collection":[{"href":"https:\/\/ipremaspasia.sp.gov.br\/index.php\/wp-json\/wp\/v2\/pages"}],"about":[{"href":"https:\/\/ipremaspasia.sp.gov.br\/index.php\/wp-json\/wp\/v2\/types\/page"}],"author":[{"embeddable":true,"href":"https:\/\/ipremaspasia.sp.gov.br\/index.php\/wp-json\/wp\/v2\/users\/3"}],"replies":[{"embeddable":true,"href":"https:\/\/ipremaspasia.sp.gov.br\/index.php\/wp-json\/wp\/v2\/comments?post=4096"}],"version-history":[{"count":15,"href":"https:\/\/ipremaspasia.sp.gov.br\/index.php\/wp-json\/wp\/v2\/pages\/4096\/revisions"}],"predecessor-version":[{"id":5332,"href":"https:\/\/ipremaspasia.sp.gov.br\/index.php\/wp-json\/wp\/v2\/pages\/4096\/revisions\/5332"}],"wp:attachment":[{"href":"https:\/\/ipremaspasia.sp.gov.br\/index.php\/wp-json\/wp\/v2\/media?parent=4096"}],"curies":[{"name":"wp","href":"https:\/\/api.w.org\/{rel}","templated":true}]}}