{"id":4102,"date":"2021-09-08T23:13:10","date_gmt":"2021-09-08T23:13:10","guid":{"rendered":"https:\/\/ipremaspasia.sp.gov.br\/?page_id=4102"},"modified":"2021-09-20T17:08:24","modified_gmt":"2021-09-20T17:08:24","slug":"politicas-de-investimentos","status":"publish","type":"page","link":"https:\/\/ipremaspasia.sp.gov.br\/index.php\/politicas-de-investimentos\/","title":{"rendered":"POLITICAS DE INVESTIMENTOS"},"content":{"rendered":"<p>[vc_row][vc_column][vc_column_text]<span style=\"color: #000000;\">A <em><strong>ci\u00eancia atuarial<\/strong><\/em> \u00e9 a ci\u00eancia das t\u00e9cnicas espec\u00edficas de an\u00e1lise de riscos e expectativas, principalmente na administra\u00e7\u00e3o de seguros e fundos de pens\u00e3o. Esta ci\u00eancia aplica conhecimentos espec\u00edficos das matem\u00e1ticas estat\u00edstica e financeira.<\/span>[\/vc_column_text][vc_tta_tabs][vc_tta_section i_icon_fontawesome=&#8221;fas fa-cloud-download-alt&#8221; add_icon=&#8221;true&#8221; title=&#8221;2020&#8243; tab_id=&#8221;1554814828143-c63e11bb-b1f2&#8243;]<div class=\"uavc-list-icon uavc-list-icon-wrapper ult-adjust-bottom-margin   vc_custom_1623332436194  vc_custom_1623332436194\"><ul class=\"uavc-list\"><li><div class=\"uavc-list-content\" id=\"list-icon-wrap-2861\">\n<div class=\"uavc-list-icon  \" data-animation=\"\" data-animation-delay=\"03\" style=\"margin-right:5px;\"><div class=\"ult-just-icon-wrapper  \"><div class=\"align-icon\" style=\"text-align:center;\">\n<div class=\"aio-icon-img \" style=\"font-size:20px;display:inline-block;\" >\n\t<img class=\"img-icon\" alt=\"null\" src=\"https:\/\/ipremaspasia.sp.gov.br\/wp-content\/uploads\/2021\/09\/Avaliacao-Atuarial-2020-ANOMES-BASE-DEZEMBRO2019-\u2013-EXERCICIO-2020-1-pdf.jpg\"\/>\n<\/div><\/div><\/div>\n<\/div><span  data-ultimate-target='#list-icon-wrap-2861 .uavc-list-desc'  data-responsive-json-new='{\"font-size\":\"\",\"line-height\":\"\"}'  class=\"uavc-list-desc ult-responsive\" style=\"\"><a href=\"http:\/\/ipremaspasia.sp.gov.br\/wp-content\/uploads\/2021\/09\/Avaliacao-Atuarial-2020-ANOMES-BASE-DEZEMBRO2019-\u2013-EXERCICIO-2020-1.pdf\">Avalia\u00e7\u00e3o Atuarial 2020 &#8211; ANOM\u00caS BASE DEZEMBRO2019 \u2013\u00a0<\/a><\/span><\/div><\/li><\/ul><\/div>[\/vc_tta_section][vc_tta_section i_icon_fontawesome=&#8221;fas fa-cloud-download-alt&#8221; add_icon=&#8221;true&#8221; title=&#8221;2019&#8243; tab_id=&#8221;1597081665120-bfb38c83-315f&#8221;]<div class=\"uavc-list-icon uavc-list-icon-wrapper ult-adjust-bottom-margin   vc_custom_1623332431284  vc_custom_1623332431284\"><ul class=\"uavc-list\"><li><div class=\"uavc-list-content\" id=\"list-icon-wrap-8655\"><span  data-ultimate-target='#list-icon-wrap-8655 .uavc-list-desc'  data-responsive-json-new='{\"font-size\":\"\",\"line-height\":\"\"}'  class=\"uavc-list-desc ult-responsive\" style=\"\"><a href=\"http:\/\/ipremaspasia.sp.gov.br\/wp-content\/uploads\/2021\/09\/Avaliacao-Atuarial-2020-ANOMES-BASE-DEZEMBRO2019-\u2013-EXERCICIO-2020.pdf\">Avalia\u00e7\u00e3o Atuarial 2020 &#8211; ANOM\u00caS BASE DEZEMBRO2019 \u2013 EXERC\u00cdCIO 2020<\/a><\/span><\/div><\/li><\/ul><\/div>[\/vc_tta_section][vc_tta_section i_icon_fontawesome=&#8221;fas fa-cloud-download-alt&#8221; add_icon=&#8221;true&#8221; title=&#8221;2018&#8243; tab_id=&#8221;1631133677705-e4e3f8ae-eb35&#8243;]<div class=\"uavc-list-icon uavc-list-icon-wrapper ult-adjust-bottom-margin   vc_custom_1623332431284  vc_custom_1623332431284\"><ul class=\"uavc-list\"><li><div class=\"uavc-list-content\" id=\"list-icon-wrap-3471\"><span  data-ultimate-target='#list-icon-wrap-3471 .uavc-list-desc'  data-responsive-json-new='{\"font-size\":\"\",\"line-height\":\"\"}'  class=\"uavc-list-desc ult-responsive\" style=\"\"><a href=\"http:\/\/ipremaspasia.sp.gov.br\/wp-content\/uploads\/2021\/09\/Avaliacao-Atuarial-2018-ANOMES-BASE-DEZEMBRO2017-\u2013-EXERCICIO-2018.pdf\">Avalia\u00e7\u00e3o Atuarial 2018 &#8211; ANOM\u00caS BASE DEZEMBRO2017 \u2013 EXERC\u00cdCIO 2018<\/a><\/span><\/div><\/li><\/ul><\/div>[\/vc_tta_section][vc_tta_section i_icon_fontawesome=&#8221;fas fa-cloud-download-alt&#8221; add_icon=&#8221;true&#8221; title=&#8221;2017&#8243; tab_id=&#8221;1631133675918-b7f97a53-a0dc&#8221;]<div class=\"uavc-list-icon uavc-list-icon-wrapper ult-adjust-bottom-margin   vc_custom_1623332431284  vc_custom_1623332431284\"><ul class=\"uavc-list\"><li><div class=\"uavc-list-content\" id=\"list-icon-wrap-8858\"><span  data-ultimate-target='#list-icon-wrap-8858 .uavc-list-desc'  data-responsive-json-new='{\"font-size\":\"\",\"line-height\":\"\"}'  class=\"uavc-list-desc ult-responsive\" style=\"\"><a href=\"http:\/\/ipremaspasia.sp.gov.br\/wp-content\/uploads\/2021\/09\/Avaliacao-Atuarial-2017-ANOMES-BASE-DEZEMBRO2016-\u2013-EXERCICIO-2017.pdf\">Avalia\u00e7\u00e3o Atuarial 2017 &#8211; ANOM\u00caS BASE DEZEMBRO2016 \u2013 EXERC\u00cdCIO 2017<\/a><\/span><\/div><\/li><\/ul><\/div>[\/vc_tta_section][\/vc_tta_tabs][\/vc_column][\/vc_row]<\/p>\n","protected":false},"excerpt":{"rendered":"<p>[vc_row][vc_column][vc_column_text]A ci\u00eancia atuarial \u00e9 a ci\u00eancia das t\u00e9cnicas espec\u00edficas de an\u00e1lise de riscos e expectativas, principalmente na administra\u00e7\u00e3o de seguros e fundos de pens\u00e3o. Esta ci\u00eancia aplica conhecimentos espec\u00edficos das matem\u00e1ticas estat\u00edstica e financeira.[\/vc_column_text][vc_tta_tabs][vc_tta_section i_icon_fontawesome=&#8221;fas fa-cloud-download-alt&#8221; add_icon=&#8221;true&#8221; title=&#8221;2020&#8243; tab_id=&#8221;1554814828143-c63e11bb-b1f2&#8243;][\/vc_tta_section][vc_tta_section i_icon_fontawesome=&#8221;fas fa-cloud-download-alt&#8221; add_icon=&#8221;true&#8221; title=&#8221;2019&#8243; tab_id=&#8221;1597081665120-bfb38c83-315f&#8221;][\/vc_tta_section][vc_tta_section i_icon_fontawesome=&#8221;fas fa-cloud-download-alt&#8221; add_icon=&#8221;true&#8221; title=&#8221;2018&#8243; tab_id=&#8221;1631133677705-e4e3f8ae-eb35&#8243;][\/vc_tta_section][vc_tta_section i_icon_fontawesome=&#8221;fas fa-cloud-download-alt&#8221; add_icon=&#8221;true&#8221; title=&#8221;2017&#8243; tab_id=&#8221;1631133675918-b7f97a53-a0dc&#8221;][\/vc_tta_section][\/vc_tta_tabs][\/vc_column][\/vc_row]<\/p>\n","protected":false},"author":3,"featured_media":0,"parent":0,"menu_order":0,"comment_status":"closed","ping_status":"closed","template":"","meta":{"_monsterinsights_skip_tracking":false,"_monsterinsights_sitenote_active":false,"_monsterinsights_sitenote_note":"","_monsterinsights_sitenote_category":0},"_links":{"self":[{"href":"https:\/\/ipremaspasia.sp.gov.br\/index.php\/wp-json\/wp\/v2\/pages\/4102"}],"collection":[{"href":"https:\/\/ipremaspasia.sp.gov.br\/index.php\/wp-json\/wp\/v2\/pages"}],"about":[{"href":"https:\/\/ipremaspasia.sp.gov.br\/index.php\/wp-json\/wp\/v2\/types\/page"}],"author":[{"embeddable":true,"href":"https:\/\/ipremaspasia.sp.gov.br\/index.php\/wp-json\/wp\/v2\/users\/3"}],"replies":[{"embeddable":true,"href":"https:\/\/ipremaspasia.sp.gov.br\/index.php\/wp-json\/wp\/v2\/comments?post=4102"}],"version-history":[{"count":3,"href":"https:\/\/ipremaspasia.sp.gov.br\/index.php\/wp-json\/wp\/v2\/pages\/4102\/revisions"}],"predecessor-version":[{"id":4154,"href":"https:\/\/ipremaspasia.sp.gov.br\/index.php\/wp-json\/wp\/v2\/pages\/4102\/revisions\/4154"}],"wp:attachment":[{"href":"https:\/\/ipremaspasia.sp.gov.br\/index.php\/wp-json\/wp\/v2\/media?parent=4102"}],"curies":[{"name":"wp","href":"https:\/\/api.w.org\/{rel}","templated":true}]}}