{"id":5255,"date":"2024-08-07T12:51:19","date_gmt":"2024-08-07T12:51:19","guid":{"rendered":"https:\/\/ipremaspasia.sp.gov.br\/?page_id=5255"},"modified":"2024-08-07T13:11:13","modified_gmt":"2024-08-07T13:11:13","slug":"credenciamento","status":"publish","type":"page","link":"https:\/\/ipremaspasia.sp.gov.br\/index.php\/credenciamento\/","title":{"rendered":"CREDENCIAMENTO"},"content":{"rendered":"<p>[vc_row][vc_column][vc_column_text]O credenciamento\u00a0<b>se presta a organizar a hip\u00f3tese em que a contrata\u00e7\u00e3o de todos \u00e9 poss\u00edvel, sem obrigar a Administra\u00e7\u00e3o a efetivar a contrata\u00e7\u00e3o<\/b>. Funciona, na pr\u00e1tica, como um cadastro de fornecedores habilitados que, caso haja desejo em contratar, ser\u00e1 necess\u00e1rio escolher um dentre eles.[\/vc_column_text][vc_tta_tabs][vc_tta_section i_icon_fontawesome=&#8221;fas fa-cloud-download-alt&#8221; add_icon=&#8221;true&#8221; title=&#8221;2024&#8243; tab_id=&#8221;1554814828143-c63e11bb-b1f2&#8243;]<div class=\"uavc-list-icon uavc-list-icon-wrapper ult-adjust-bottom-margin   vc_custom_1623332436194  vc_custom_1623332436194\"><ul class=\"uavc-list\"><li><div class=\"uavc-list-content\" id=\"list-icon-wrap-5050\">\n<div class=\"uavc-list-icon  \" data-animation=\"\" data-animation-delay=\"03\" style=\"margin-right:5px;\"><div class=\"ult-just-icon-wrapper  \"><div class=\"align-icon\" style=\"text-align:center;\">\n<div class=\"aio-icon-img \" style=\"font-size:20px;display:inline-block;\" >\n\t<img class=\"img-icon\" alt=\"null\" src=\"https:\/\/ipremaspasia.sp.gov.br\/wp-content\/uploads\/2021\/09\/o-icone-do-pdf-simbolo-do-formato-de-arquivo-liso-79378926.jpg\"\/>\n<\/div><\/div><\/div>\n<\/div><span  data-ultimate-target='#list-icon-wrap-5050 .uavc-list-desc'  data-responsive-json-new='{\"font-size\":\"\",\"line-height\":\"\"}'  class=\"uavc-list-desc ult-responsive\" style=\"\"><a href=\"http:\/\/ipremaspasia.sp.gov.br\/wp-content\/uploads\/2024\/08\/1-TERMO-DE-CREDENCIAMENTO-CAIXA.pdf\">1- TERMO DE CREDENCIAMENTO CAIXA<\/a><\/p>\n<p><a href=\"http:\/\/ipremaspasia.sp.gov.br\/wp-content\/uploads\/2024\/08\/2-TERMO-DE-CREDENCIAMENTO-SICREDI.pdf\">2- TERMO DE CREDENCIAMENTO SICREDI<\/a><\/p>\n<p><a href=\"http:\/\/ipremaspasia.sp.gov.br\/wp-content\/uploads\/2024\/08\/3-TERMO-DE-CREDENCIAMENTO-BANCO-DO-BRASIL.pdf\">3- TERMO DE CREDENCIAMENTO BANCO DO BRASIL<\/a><\/p>\n<p><a href=\"http:\/\/ipremaspasia.sp.gov.br\/wp-content\/uploads\/2024\/08\/4-TERMO-DE-CREDENCIAMENTO-BRADESCO.pdf\">4- TERMO DE CREDENCIAMENTO BRADESCO<\/a><\/p>\n<p><a href=\"http:\/\/ipremaspasia.sp.gov.br\/wp-content\/uploads\/2024\/08\/5-TERMO-DE-CREDENCIAMENTO-SANTANDER.pdf\">5- TERMO DE CREDENCIAMENTO SANTANDER<\/a><\/span><\/div><\/li><\/ul><\/div>[\/vc_tta_section][\/vc_tta_tabs][\/vc_column][\/vc_row]<\/p>\n","protected":false},"excerpt":{"rendered":"<p>[vc_row][vc_column][vc_column_text]O credenciamento\u00a0se presta a organizar a hip\u00f3tese em que a contrata\u00e7\u00e3o de todos \u00e9 poss\u00edvel, sem obrigar a Administra\u00e7\u00e3o a efetivar a contrata\u00e7\u00e3o. Funciona, na pr\u00e1tica, como um cadastro de fornecedores habilitados que, caso haja desejo em contratar, ser\u00e1 necess\u00e1rio escolher um dentre eles.[\/vc_column_text][vc_tta_tabs][vc_tta_section i_icon_fontawesome=&#8221;fas fa-cloud-download-alt&#8221; add_icon=&#8221;true&#8221; title=&#8221;2024&#8243; tab_id=&#8221;1554814828143-c63e11bb-b1f2&#8243;][\/vc_tta_section][\/vc_tta_tabs][\/vc_column][\/vc_row]<\/p>\n","protected":false},"author":3,"featured_media":0,"parent":0,"menu_order":0,"comment_status":"closed","ping_status":"closed","template":"","meta":{"_monsterinsights_skip_tracking":false,"_monsterinsights_sitenote_active":false,"_monsterinsights_sitenote_note":"","_monsterinsights_sitenote_category":0},"_links":{"self":[{"href":"https:\/\/ipremaspasia.sp.gov.br\/index.php\/wp-json\/wp\/v2\/pages\/5255"}],"collection":[{"href":"https:\/\/ipremaspasia.sp.gov.br\/index.php\/wp-json\/wp\/v2\/pages"}],"about":[{"href":"https:\/\/ipremaspasia.sp.gov.br\/index.php\/wp-json\/wp\/v2\/types\/page"}],"author":[{"embeddable":true,"href":"https:\/\/ipremaspasia.sp.gov.br\/index.php\/wp-json\/wp\/v2\/users\/3"}],"replies":[{"embeddable":true,"href":"https:\/\/ipremaspasia.sp.gov.br\/index.php\/wp-json\/wp\/v2\/comments?post=5255"}],"version-history":[{"count":4,"href":"https:\/\/ipremaspasia.sp.gov.br\/index.php\/wp-json\/wp\/v2\/pages\/5255\/revisions"}],"predecessor-version":[{"id":5265,"href":"https:\/\/ipremaspasia.sp.gov.br\/index.php\/wp-json\/wp\/v2\/pages\/5255\/revisions\/5265"}],"wp:attachment":[{"href":"https:\/\/ipremaspasia.sp.gov.br\/index.php\/wp-json\/wp\/v2\/media?parent=5255"}],"curies":[{"name":"wp","href":"https:\/\/api.w.org\/{rel}","templated":true}]}}